{"id":260,"date":"2021-01-22T16:19:55","date_gmt":"2021-01-22T16:19:55","guid":{"rendered":"https:\/\/maquette.pompes-funebres-grosso.fr\/?page_id=260"},"modified":"2021-02-17T09:42:31","modified_gmt":"2021-02-17T09:42:31","slug":"obseques-avec-les-pompes-funebres-grosso","status":"publish","type":"page","link":"https:\/\/pompes-funebres-grosso.fr\/index.php\/obseques-avec-les-pompes-funebres-grosso\/","title":{"rendered":"Obs\u00e8ques"},"content":{"rendered":"<p>[et_pb_section fb_built=\u00a0\u00bb1&Prime; next_background_color=\u00a0\u00bb#ffffff\u00a0\u00bb admin_label=\u00a0\u00bbHero Section\u00a0\u00bb _builder_version=\u00a0\u00bb4.7.7&Prime; use_background_color_gradient=\u00a0\u00bbon\u00a0\u00bb background_color_gradient_start=\u00a0\u00bbrgba(244,240,233,0.9)\u00a0\u00bb background_color_gradient_end=\u00a0\u00bbrgba(244,240,233,0)\u00a0\u00bb background_color_gradient_direction=\u00a0\u00bb149deg\u00a0\u00bb background_color_gradient_start_position=\u00a0\u00bb30%\u00a0\u00bb background_color_gradient_overlays_image=\u00a0\u00bbon\u00a0\u00bb background_image=\u00a0\u00bbhttps:\/\/pompes-funebres-grosso.fr\/\/wp-content\/uploads\/2021\/01\/organiser-les-obseques-avec-les-pompes-funebres-grosso.jpg\u00a0\u00bb custom_margin=\u00a0\u00bb|||\u00a0\u00bb custom_padding=\u00a0\u00bb275px|0px|18px|0px||\u00a0\u00bb bottom_divider_style=\u00a0\u00bbasymmetric2&Prime; bottom_divider_height=\u00a0\u00bb80px\u00a0\u00bb][et_pb_row custom_padding_last_edited=\u00a0\u00bboff|desktop\u00a0\u00bb admin_label=\u00a0\u00bbHero Area\u00a0\u00bb _builder_version=\u00a0\u00bb3.25&Prime; width=\u00a0\u00bb83.3%\u00a0\u00bb custom_margin=\u00a0\u00bb-69px|auto|120px|auto||\u00a0\u00bb custom_padding=\u00a0\u00bb0px|0px|0px|0px||\u00a0\u00bb][et_pb_column type=\u00a0\u00bb4_4&Prime; _builder_version=\u00a0\u00bb3.25&Prime; custom_padding=\u00a0\u00bb|||\u00a0\u00bb custom_padding__hover=\u00a0\u00bb|||\u00a0\u00bb][et_pb_text admin_label=\u00a0\u00bbHero Title\u00a0\u00bb _builder_version=\u00a0\u00bb4.7.7&Prime; text_font=\u00a0\u00bbLato||||||||\u00a0\u00bb header_font=\u00a0\u00bbLato||||||||\u00a0\u00bb header_text_color=\u00a0\u00bb#435c75&Prime; header_font_size=\u00a0\u00bb35px\u00a0\u00bb header_2_font=\u00a0\u00bbLato||||||||\u00a0\u00bb header_2_text_color=\u00a0\u00bb#435c75&Prime; header_2_font_size=\u00a0\u00bb35px\u00a0\u00bb header_2_line_height=\u00a0\u00bb1.3em\u00a0\u00bb custom_margin=\u00a0\u00bb-130px||0px|||\u00a0\u00bb custom_padding=\u00a0\u00bb|||\u00a0\u00bb animation_style=\u00a0\u00bbslide\u00a0\u00bb animation_direction=\u00a0\u00bbleft\u00a0\u00bb animation_intensity_slide=\u00a0\u00bb5%\u00a0\u00bb animation_starting_opacity=\u00a0\u00bb100%\u00a0\u00bb text_font_size_last_edited=\u00a0\u00bboff|desktop\u00a0\u00bb]<\/p>\n<h1>Organiser les obs\u00e8ques<\/h1>\n<p>[\/et_pb_text][et_pb_text _builder_version=\u00a0\u00bb4.7.7&Prime; text_font=\u00a0\u00bbLato||||||||\u00a0\u00bb text_font_size=\u00a0\u00bb19px\u00a0\u00bb header_font=\u00a0\u00bb||||||||\u00a0\u00bb header_2_font=\u00a0\u00bbLato||||||||\u00a0\u00bb header_2_text_color=\u00a0\u00bb#435c75&Prime; header_2_font_size=\u00a0\u00bb35px\u00a0\u00bb header_2_line_height=\u00a0\u00bb1.3em\u00a0\u00bb max_width=\u00a0\u00bb500px\u00a0\u00bb custom_margin=\u00a0\u00bb|||\u00a0\u00bb custom_padding=\u00a0\u00bb||10px|\u00a0\u00bb animation_style=\u00a0\u00bbslide\u00a0\u00bb animation_direction=\u00a0\u00bbleft\u00a0\u00bb animation_intensity_slide=\u00a0\u00bb5%\u00a0\u00bb animation_starting_opacity=\u00a0\u00bb100%\u00a0\u00bb]<\/p>\n<p><em>Les Pompes Fun\u00e8bres Grosso vous accompagnent \u00e0 chaque \u00e9tape<\/em><\/p>\n<p>[\/et_pb_text][\/et_pb_column][\/et_pb_row][\/et_pb_section][et_pb_section fb_built=\u00a0\u00bb1&Prime; admin_label=\u00a0\u00bbAbout Us Section\u00a0\u00bb _builder_version=\u00a0\u00bb3.22&Prime; custom_padding=\u00a0\u00bb36px||0px|||\u00a0\u00bb][et_pb_row _builder_version=\u00a0\u00bb4.7.7&Prime; _module_preset=\u00a0\u00bbdefault\u00a0\u00bb custom_margin=\u00a0\u00bb-24px|auto||auto||\u00a0\u00bb custom_padding=\u00a0\u00bb||55px|||\u00a0\u00bb][et_pb_column type=\u00a0\u00bb4_4&Prime; _builder_version=\u00a0\u00bb4.7.7&Prime; _module_preset=\u00a0\u00bbdefault\u00a0\u00bb][et_pb_text _builder_version=\u00a0\u00bb4.7.7&Prime; _module_preset=\u00a0\u00bbdefault\u00a0\u00bb header_2_font=\u00a0\u00bbLato||||||||\u00a0\u00bb header_2_text_color=\u00a0\u00bb#435c75&Prime; header_2_font_size=\u00a0\u00bb30px\u00a0\u00bb]<\/p>\n<h2 style=\"text-align: left;\">Obs\u00e8ques d&rsquo;un proche : les Pompes Fun\u00e8bres Grosso sont \u00e0 vos c\u00f4t\u00e9s<\/h2>\n<p>[\/et_pb_text][et_pb_text _builder_version=\u00a0\u00bb4.7.7&Prime; _module_preset=\u00a0\u00bbdefault\u00a0\u00bb text_font=\u00a0\u00bbLato||||||||\u00a0\u00bb header_2_font=\u00a0\u00bbLato||||||||\u00a0\u00bb header_2_text_color=\u00a0\u00bb#435c75&Prime; header_2_font_size=\u00a0\u00bb25px\u00a0\u00bb header_3_font=\u00a0\u00bbLato||||||||\u00a0\u00bb header_3_text_color=\u00a0\u00bb#435c75&Prime; header_3_font_size=\u00a0\u00bb25px\u00a0\u00bb custom_margin=\u00a0\u00bb-19px|||||\u00a0\u00bb]<\/p>\n<p style=\"text-align: left;\"><span>Vous venez de perdre une personne ch\u00e8re \u00e0 vos yeux et vous vous sentez totalement d\u00e9munis face aux nombreuses d\u00e9marches pour organiser les fun\u00e9railles? L<\/span><strong>es Pompes Fun\u00e8bres Grosso<\/strong><span>\u00a0sont \u00e0 vos c\u00f4t\u00e9s pour vous aider et vous accompagner dans ces moments si douloureux. En attendant de rencontrer un de nos conseillers fun\u00e9raires, nous vous expliquons en quelques mots les d\u00e9marches \u00e0 mettre en place :<\/span><\/p>\n<h3>1\/. Faire constater le d\u00e9c\u00e8s par un m\u00e9decin<\/h3>\n<p>Si le d\u00e9c\u00e8s survient au domicile, un m\u00e9decin doit constater le d\u00e9c\u00e8s et \u00e9tablir le certificat de d\u00e9c\u00e8s notifiant l\u2019identit\u00e9 du d\u00e9funt, la date, l\u2019heure et le lieu du d\u00e9c\u00e8s. Si le d\u00e9c\u00e8s intervient \u00e0 l\u2019h\u00f4pital, maison de retraite, clinique, c\u2019est le m\u00e9decin de l\u2019\u00e9tablissement de sant\u00e9 qui \u00e9tablira le certificat de d\u00e9c\u00e8s. En contactant les Pompes Fun\u00e8bres Grosso, un de nos conseillers fun\u00e9raire prend le relais et coordonne les premi\u00e8res d\u00e9marches administratives afin de vous soulager un maximum :<\/p>\n<p>&#8211; D\u00e9clarer le d\u00e9c\u00e8s au service Etat Civil de la mairie du lieu de d\u00e9c\u00e8s<br \/> &#8211; Organiser le transfert du d\u00e9funt vers le Fun\u00e9rarium Grosso<\/p>\n<h3>2\/ Organiser les obs\u00e8ques<\/h3>\n<p><strong><em>\u00abUn seul \u00eatre vous manque et tout est d\u00e9peupl\u00e9\u00bb<\/em><\/strong><span>\u00a0<\/span>affirmait Lamartine \u00e0 juste titre. Peu \u00e0 peu, vous prenez conscience de la perte de l\u2019\u00eatre aim\u00e9. Il est donc important de lui rendre un bel hommage, de lui exprimer vos sentiments, de se rem\u00e9morer avec vos proches les bons souvenirs en sa compagnie. Lors de notre rencontre \u00e0 l\u2019agence, nous prendrons le soin et le temps n\u00e9cessaires de vous pr\u00e9senter le d\u00e9roulement des obs\u00e8ques qui s\u2019organise de la mani\u00e8re suivante :<\/p>\n<p>&#8211; Service civil ou religieux<br \/> &#8211; Annonce dans la presse (fran\u00e7aise, suisse etc.)<br \/> &#8211; Affichage des avis de d\u00e9c\u00e8s dans les rues de la ville<br \/> &#8211; Mise en bi\u00e8re<br \/> &#8211; Fermeture du cercueil<br \/> &#8211; Inhumation ou cr\u00e9mation<br \/> &#8211; Prestations cimeti\u00e8re (creusement, ouverture\/fermeture caveau, d\u00e9p\u00f4t d\u2019urne etc.)<\/p>\n<p>Ensemble, nous \u00e9tablirons un devis\/bon de commande d\u00e9taillant l\u2019ensemble des prestations n\u00e9cessaires pour l\u2019organisation des fun\u00e9railles :<\/p>\n<p>&#8211; Transport du d\u00e9funt en chambre fun\u00e9raire<br \/> &#8211; Co\u00fbt de la chambre fun\u00e9raire<br \/> &#8211; Choix du cercueil et de la pierre tombale<br \/> &#8211; Articles fun\u00e9raires : fleurs, couronnes, plaques etc<br \/> &#8211; C\u00e9r\u00e9monie religieuse ou civile<\/p>\n<h3>3\/ C\u00e9l\u00e9brer les fun\u00e9railles<\/h3>\n<p>Afin de rendre un dernier hommage au d\u00e9funt, vous avez le choix entre organiser une c\u00e9r\u00e9monie religieuse ou une c\u00e9r\u00e9monie civile\/la\u00efque. Dans ce cadre, une petite salle au Fun\u00e9rarium Grosso est \u00e0 votre disposition pour un moment de recueillement. Les obs\u00e8ques peuvent \u00e9galement \u00eatre r\u00e9alis\u00e9es en l&rsquo;absence de c\u00e9r\u00e9monie, dans le respect des volont\u00e9s du d\u00e9funt.<\/p>\n<p><strong># Choisir entre inhumation et cr\u00e9mation<\/strong><br \/> <strong>L\u2019inhumation ou enterrement<\/strong><span>\u00a0<\/span>consiste \u00e0 d\u00e9poser un cercueil en pleine terre ou dans un caveau (cuve b\u00e9tonn\u00e9e), am\u00e9nag\u00e9 dans le sol.<\/p>\n<p><strong>La cr\u00e9mation <\/strong>est une\u00a0technique fun\u00e9raire visant \u00e0 br\u00fbler et r\u00e9duire en cendre le corps d\u2019un \u00eatre humain d\u00e9c\u00e9d\u00e9. Elle<strong><span>\u00a0<\/span><\/strong>se d\u00e9roule dans un cr\u00e9matorium. Par la suite, les cendres sont plac\u00e9es dans une urne. Dans le respect des volont\u00e9s du d\u00e9funt et de la r\u00e9glementation en vigueur, la famille pourra alors soit :<\/p>\n<p>&#8211; Inhumer l\u2019urne dans un caveau familial<br \/> &#8211; Sceller l\u2019urne sur la pierre tombale familiale<br \/> &#8211; Disperser les cendres dans un espace am\u00e9nag\u00e9 au sein d\u2019un cimeti\u00e8re (le jardin du souvenir par exemple)<br \/> &#8211; Disperser les cendres en pleine nature (sauf sur la voie publique) et apr\u00e8s demande et accord \u00e9crit des mairies du lieu de naissance et de dispersion.<\/p>\n<p><strong># Se recueillir au Fun\u00e9rarium Grosso<\/strong><br \/> Pour rendre un dernier hommage au d\u00e9funt, nous vous accompagnons et mettons \u00e0 votre disposition<span>\u00a0<\/span>notre fun\u00e9rarium \u00e0 Morteau<a href=\"https:\/\/www.pompes-funebres-grosso.fr\/funerarium\/\"><\/a>. Compos\u00e9 de 4 chambres fun\u00e9raires, vous pourrez vous retrouver avec vos proches et vous recueillir une derni\u00e8re fois aupr\u00e8s du disparu.<\/p>\n<p><strong># La c\u00e9r\u00e9monie religieuse ou civile<\/strong><br \/> Nous travaillons en \u00e9troite collaboration avec les diff\u00e9rentes instances religieuses. Nous prendrons le soin de les contacter afin de vous organiser une rencontrer pour \u00e9changer sur le d\u00e9roulement de la c\u00e9r\u00e9monie : lecture de texte, choix musicaux, prise de parole etc.<\/p>\n<h3>4\/ Apr\u00e8s les obs\u00e8ques<\/h3>\n<p style=\"text-align: left;\">Faire-part de remerciements Vous souhaitez remercier l\u2019ensemble des personnes qui ont t\u00e9moign\u00e9 leur pr\u00e9sence, leur soutien et leur affection ? Nous r\u00e9alisons les faire-part de remerciements personnalis\u00e9s selon vos attentes.<br \/> <span>\u00a0<\/span><\/p>\n<p>[\/et_pb_text][\/et_pb_column][\/et_pb_row][\/et_pb_section][et_pb_section fb_built=\u00a0\u00bb1&Prime; _builder_version=\u00a0\u00bb4.7.7&Prime; _module_preset=\u00a0\u00bbdefault\u00a0\u00bb background_color=\u00a0\u00bb#cbd8e1&Prime; custom_padding=\u00a0\u00bb33px||6px|||\u00a0\u00bb bottom_divider_style=\u00a0\u00bbarrow3&Prime; bottom_divider_color=\u00a0\u00bb#a1b8ca\u00a0\u00bb bottom_divider_height=\u00a0\u00bb60px\u00a0\u00bb][et_pb_row _builder_version=\u00a0\u00bb4.7.7&Prime; _module_preset=\u00a0\u00bbdefault\u00a0\u00bb custom_margin=\u00a0\u00bb-31px|auto|36px|auto||\u00a0\u00bb custom_padding=\u00a0\u00bb||93px|||\u00a0\u00bb][et_pb_column type=\u00a0\u00bb4_4&Prime; _builder_version=\u00a0\u00bb4.7.7&Prime; _module_preset=\u00a0\u00bbdefault\u00a0\u00bb][et_pb_text _builder_version=\u00a0\u00bb4.7.7&Prime; _module_preset=\u00a0\u00bbdefault\u00a0\u00bb text_font=\u00a0\u00bbLato||||||||\u00a0\u00bb header_2_font=\u00a0\u00bbLato||||||||\u00a0\u00bb header_2_text_color=\u00a0\u00bb#435c75&Prime; header_2_font_size=\u00a0\u00bb30px\u00a0\u00bb custom_margin=\u00a0\u00bb||37px|||\u00a0\u00bb]<\/p>\n<h2 style=\"text-align: center;\">Les Pompes Fun\u00e8bres Grosso sont \u00e0 votre \u00e9coute 24h\/24 et 7j\/7<\/h2>\n<p style=\"text-align: center;\">Contactez nos conseillers fun\u00e9raires qui sont l\u00e0 pour prendre le relais et vous proposer un rendez-vous \u00e0 l&rsquo;agence Grosso :<\/p>\n<p><\/p>\n<h2 style=\"text-align: center;\">T\u00e9l. 03 81 67 38 88<\/h2>\n<p>[\/et_pb_text][et_pb_button button_url=\u00a0\u00bb@ET-DC@eyJkeW5hbWljIjp0cnVlLCJjb250ZW50IjoicG9zdF9saW5rX3VybF9wYWdlIiwic2V0dGluZ3MiOnsicG9zdF9pZCI6IjQyMyJ9fQ==@\u00a0\u00bb button_text=\u00a0\u00bbDemander un devis %22Obs\u00e8ques%22&Prime; button_alignment=\u00a0\u00bbcenter\u00a0\u00bb _builder_version=\u00a0\u00bb4.8.2&Prime; _module_preset=\u00a0\u00bbdefault\u00a0\u00bb hover_enabled=\u00a0\u00bb0&Prime; _dynamic_attributes=\u00a0\u00bbbutton_url\u00a0\u00bb sticky_enabled=\u00a0\u00bb0&Prime;][\/et_pb_button][\/et_pb_column][\/et_pb_row][\/et_pb_section]<\/p>\n","protected":false},"excerpt":{"rendered":"<p>[et_pb_section fb_built=\u00a0\u00bb1&Prime; next_background_color=\u00a0\u00bb#ffffff\u00a0\u00bb admin_label=\u00a0\u00bbHero Section\u00a0\u00bb _builder_version=\u00a0\u00bb4.7.7&Prime; use_background_color_gradient=\u00a0\u00bbon\u00a0\u00bb background_color_gradient_start=\u00a0\u00bbrgba(244,240,233,0.9)\u00a0\u00bb background_color_gradient_end=\u00a0\u00bbrgba(244,240,233,0)\u00a0\u00bb background_color_gradient_direction=\u00a0\u00bb149deg\u00a0\u00bb background_color_gradient_start_position=\u00a0\u00bb30%\u00a0\u00bb background_color_gradient_overlays_image=\u00a0\u00bbon\u00a0\u00bb background_image=\u00a0\u00bbhttps:\/\/pompes-funebres-grosso.fr\/\/wp-content\/uploads\/2021\/01\/organiser-les-obseques-avec-les-pompes-funebres-grosso.jpg\u00a0\u00bb custom_margin=\u00a0\u00bb|||\u00a0\u00bb custom_padding=\u00a0\u00bb275px|0px|18px|0px||\u00a0\u00bb bottom_divider_style=\u00a0\u00bbasymmetric2&Prime; bottom_divider_height=\u00a0\u00bb80px\u00a0\u00bb][et_pb_row custom_padding_last_edited=\u00a0\u00bboff|desktop\u00a0\u00bb admin_label=\u00a0\u00bbHero Area\u00a0\u00bb _builder_version=\u00a0\u00bb3.25&Prime; width=\u00a0\u00bb83.3%\u00a0\u00bb custom_margin=\u00a0\u00bb-69px|auto|120px|auto||\u00a0\u00bb custom_padding=\u00a0\u00bb0px|0px|0px|0px||\u00a0\u00bb][et_pb_column type=\u00a0\u00bb4_4&Prime; _builder_version=\u00a0\u00bb3.25&Prime; custom_padding=\u00a0\u00bb|||\u00a0\u00bb custom_padding__hover=\u00a0\u00bb|||\u00a0\u00bb][et_pb_text admin_label=\u00a0\u00bbHero Title\u00a0\u00bb _builder_version=\u00a0\u00bb4.7.7&Prime; text_font=\u00a0\u00bbLato||||||||\u00a0\u00bb header_font=\u00a0\u00bbLato||||||||\u00a0\u00bb header_text_color=\u00a0\u00bb#435c75&Prime; header_font_size=\u00a0\u00bb35px\u00a0\u00bb header_2_font=\u00a0\u00bbLato||||||||\u00a0\u00bb header_2_text_color=\u00a0\u00bb#435c75&Prime; header_2_font_size=\u00a0\u00bb35px\u00a0\u00bb header_2_line_height=\u00a0\u00bb1.3em\u00a0\u00bb custom_margin=\u00a0\u00bb-130px||0px|||\u00a0\u00bb custom_padding=\u00a0\u00bb|||\u00a0\u00bb animation_style=\u00a0\u00bbslide\u00a0\u00bb animation_direction=\u00a0\u00bbleft\u00a0\u00bb animation_intensity_slide=\u00a0\u00bb5%\u00a0\u00bb animation_starting_opacity=\u00a0\u00bb100%\u00a0\u00bb text_font_size_last_edited=\u00a0\u00bboff|desktop\u00a0\u00bb] Organiser les obs\u00e8ques [\/et_pb_text][et_pb_text _builder_version=\u00a0\u00bb4.7.7&Prime; text_font=\u00a0\u00bbLato||||||||\u00a0\u00bb text_font_size=\u00a0\u00bb19px\u00a0\u00bb header_font=\u00a0\u00bb||||||||\u00a0\u00bb header_2_font=\u00a0\u00bbLato||||||||\u00a0\u00bb [&hellip;]<\/p>\n","protected":false},"author":1,"featured_media":0,"parent":0,"menu_order":0,"comment_status":"closed","ping_status":"closed","template":"","meta":{"_et_pb_use_builder":"on","_et_pb_old_content":"","_et_gb_content_width":"","footnotes":""},"class_list":["post-260","page","type-page","status-publish","hentry"],"yoast_head":"<!-- This site is optimized with the Yoast SEO plugin v26.0 - https:\/\/yoast.com\/wordpress\/plugins\/seo\/ -->\n<title>Obs\u00e8ques - Pompes Fun\u00e8bres Grosso<\/title>\n<meta name=\"robots\" content=\"index, follow, max-snippet:-1, max-image-preview:large, max-video-preview:-1\" \/>\n<link rel=\"canonical\" href=\"https:\/\/pompes-funebres-grosso.fr\/index.php\/obseques-avec-les-pompes-funebres-grosso\/\" \/>\n<meta property=\"og:locale\" content=\"fr_FR\" \/>\n<meta property=\"og:type\" content=\"article\" \/>\n<meta property=\"og:title\" content=\"Obs\u00e8ques - Pompes Fun\u00e8bres Grosso\" \/>\n<meta property=\"og:description\" content=\"[et_pb_section fb_built=\u00a0\u00bb1&Prime; next_background_color=\u00a0\u00bb#ffffff\u00a0\u00bb admin_label=\u00a0\u00bbHero Section\u00a0\u00bb _builder_version=\u00a0\u00bb4.7.7&Prime; use_background_color_gradient=\u00a0\u00bbon\u00a0\u00bb background_color_gradient_start=\u00a0\u00bbrgba(244,240,233,0.9)\u00a0\u00bb background_color_gradient_end=\u00a0\u00bbrgba(244,240,233,0)\u00a0\u00bb background_color_gradient_direction=\u00a0\u00bb149deg\u00a0\u00bb background_color_gradient_start_position=\u00a0\u00bb30%\u00a0\u00bb background_color_gradient_overlays_image=\u00a0\u00bbon\u00a0\u00bb background_image=\u00a0\u00bbhttps:\/\/pompes-funebres-grosso.fr\/\/wp-content\/uploads\/2021\/01\/organiser-les-obseques-avec-les-pompes-funebres-grosso.jpg\u00a0\u00bb custom_margin=\u00a0\u00bb|||\u00a0\u00bb custom_padding=\u00a0\u00bb275px|0px|18px|0px||\u00a0\u00bb bottom_divider_style=\u00a0\u00bbasymmetric2&Prime; bottom_divider_height=\u00a0\u00bb80px\u00a0\u00bb][et_pb_row custom_padding_last_edited=\u00a0\u00bboff|desktop\u00a0\u00bb admin_label=\u00a0\u00bbHero Area\u00a0\u00bb _builder_version=\u00a0\u00bb3.25&Prime; width=\u00a0\u00bb83.3%\u00a0\u00bb custom_margin=\u00a0\u00bb-69px|auto|120px|auto||\u00a0\u00bb custom_padding=\u00a0\u00bb0px|0px|0px|0px||\u00a0\u00bb][et_pb_column type=\u00a0\u00bb4_4&Prime; _builder_version=\u00a0\u00bb3.25&Prime; custom_padding=\u00a0\u00bb|||\u00a0\u00bb custom_padding__hover=\u00a0\u00bb|||\u00a0\u00bb][et_pb_text admin_label=\u00a0\u00bbHero Title\u00a0\u00bb _builder_version=\u00a0\u00bb4.7.7&Prime; text_font=\u00a0\u00bbLato||||||||\u00a0\u00bb header_font=\u00a0\u00bbLato||||||||\u00a0\u00bb header_text_color=\u00a0\u00bb#435c75&Prime; header_font_size=\u00a0\u00bb35px\u00a0\u00bb header_2_font=\u00a0\u00bbLato||||||||\u00a0\u00bb header_2_text_color=\u00a0\u00bb#435c75&Prime; header_2_font_size=\u00a0\u00bb35px\u00a0\u00bb header_2_line_height=\u00a0\u00bb1.3em\u00a0\u00bb custom_margin=\u00a0\u00bb-130px||0px|||\u00a0\u00bb custom_padding=\u00a0\u00bb|||\u00a0\u00bb animation_style=\u00a0\u00bbslide\u00a0\u00bb animation_direction=\u00a0\u00bbleft\u00a0\u00bb animation_intensity_slide=\u00a0\u00bb5%\u00a0\u00bb animation_starting_opacity=\u00a0\u00bb100%\u00a0\u00bb text_font_size_last_edited=\u00a0\u00bboff|desktop\u00a0\u00bb] Organiser les obs\u00e8ques [\/et_pb_text][et_pb_text _builder_version=\u00a0\u00bb4.7.7&Prime; text_font=\u00a0\u00bbLato||||||||\u00a0\u00bb text_font_size=\u00a0\u00bb19px\u00a0\u00bb header_font=\u00a0\u00bb||||||||\u00a0\u00bb header_2_font=\u00a0\u00bbLato||||||||\u00a0\u00bb [&hellip;]\" \/>\n<meta property=\"og:url\" content=\"https:\/\/pompes-funebres-grosso.fr\/index.php\/obseques-avec-les-pompes-funebres-grosso\/\" \/>\n<meta property=\"og:site_name\" content=\"Pompes Fun\u00e8bres Grosso\" \/>\n<meta property=\"article:modified_time\" content=\"2021-02-17T09:42:31+00:00\" \/>\n<meta name=\"twitter:card\" content=\"summary_large_image\" \/>\n<meta name=\"twitter:label1\" content=\"Dur\u00e9e de lecture estim\u00e9e\" \/>\n\t<meta name=\"twitter:data1\" content=\"7 minutes\" \/>\n<script type=\"application\/ld+json\" class=\"yoast-schema-graph\">{\"@context\":\"https:\/\/schema.org\",\"@graph\":[{\"@type\":\"WebPage\",\"@id\":\"https:\/\/pompes-funebres-grosso.fr\/index.php\/obseques-avec-les-pompes-funebres-grosso\/\",\"url\":\"https:\/\/pompes-funebres-grosso.fr\/index.php\/obseques-avec-les-pompes-funebres-grosso\/\",\"name\":\"Obs\u00e8ques - Pompes Fun\u00e8bres Grosso\",\"isPartOf\":{\"@id\":\"https:\/\/pompes-funebres-grosso.fr\/#website\"},\"datePublished\":\"2021-01-22T16:19:55+00:00\",\"dateModified\":\"2021-02-17T09:42:31+00:00\",\"breadcrumb\":{\"@id\":\"https:\/\/pompes-funebres-grosso.fr\/index.php\/obseques-avec-les-pompes-funebres-grosso\/#breadcrumb\"},\"inLanguage\":\"fr-FR\",\"potentialAction\":[{\"@type\":\"ReadAction\",\"target\":[\"https:\/\/pompes-funebres-grosso.fr\/index.php\/obseques-avec-les-pompes-funebres-grosso\/\"]}]},{\"@type\":\"BreadcrumbList\",\"@id\":\"https:\/\/pompes-funebres-grosso.fr\/index.php\/obseques-avec-les-pompes-funebres-grosso\/#breadcrumb\",\"itemListElement\":[{\"@type\":\"ListItem\",\"position\":1,\"name\":\"Accueil\",\"item\":\"https:\/\/pompes-funebres-grosso.fr\/\"},{\"@type\":\"ListItem\",\"position\":2,\"name\":\"Obs\u00e8ques\"}]},{\"@type\":\"WebSite\",\"@id\":\"https:\/\/pompes-funebres-grosso.fr\/#website\",\"url\":\"https:\/\/pompes-funebres-grosso.fr\/\",\"name\":\"Pompes Fun\u00e8bres Grosso\",\"description\":\"\u00c0 votre disposition 24h\/24 &amp; 7j\/7\",\"potentialAction\":[{\"@type\":\"SearchAction\",\"target\":{\"@type\":\"EntryPoint\",\"urlTemplate\":\"https:\/\/pompes-funebres-grosso.fr\/?s={search_term_string}\"},\"query-input\":{\"@type\":\"PropertyValueSpecification\",\"valueRequired\":true,\"valueName\":\"search_term_string\"}}],\"inLanguage\":\"fr-FR\"}]}<\/script>\n<!-- \/ Yoast SEO plugin. -->","yoast_head_json":{"title":"Obs\u00e8ques - Pompes Fun\u00e8bres Grosso","robots":{"index":"index","follow":"follow","max-snippet":"max-snippet:-1","max-image-preview":"max-image-preview:large","max-video-preview":"max-video-preview:-1"},"canonical":"https:\/\/pompes-funebres-grosso.fr\/index.php\/obseques-avec-les-pompes-funebres-grosso\/","og_locale":"fr_FR","og_type":"article","og_title":"Obs\u00e8ques - Pompes Fun\u00e8bres Grosso","og_description":"[et_pb_section fb_built=\u00a0\u00bb1&Prime; next_background_color=\u00a0\u00bb#ffffff\u00a0\u00bb admin_label=\u00a0\u00bbHero Section\u00a0\u00bb _builder_version=\u00a0\u00bb4.7.7&Prime; use_background_color_gradient=\u00a0\u00bbon\u00a0\u00bb background_color_gradient_start=\u00a0\u00bbrgba(244,240,233,0.9)\u00a0\u00bb background_color_gradient_end=\u00a0\u00bbrgba(244,240,233,0)\u00a0\u00bb background_color_gradient_direction=\u00a0\u00bb149deg\u00a0\u00bb background_color_gradient_start_position=\u00a0\u00bb30%\u00a0\u00bb background_color_gradient_overlays_image=\u00a0\u00bbon\u00a0\u00bb background_image=\u00a0\u00bbhttps:\/\/pompes-funebres-grosso.fr\/\/wp-content\/uploads\/2021\/01\/organiser-les-obseques-avec-les-pompes-funebres-grosso.jpg\u00a0\u00bb custom_margin=\u00a0\u00bb|||\u00a0\u00bb custom_padding=\u00a0\u00bb275px|0px|18px|0px||\u00a0\u00bb bottom_divider_style=\u00a0\u00bbasymmetric2&Prime; bottom_divider_height=\u00a0\u00bb80px\u00a0\u00bb][et_pb_row custom_padding_last_edited=\u00a0\u00bboff|desktop\u00a0\u00bb admin_label=\u00a0\u00bbHero Area\u00a0\u00bb _builder_version=\u00a0\u00bb3.25&Prime; width=\u00a0\u00bb83.3%\u00a0\u00bb custom_margin=\u00a0\u00bb-69px|auto|120px|auto||\u00a0\u00bb custom_padding=\u00a0\u00bb0px|0px|0px|0px||\u00a0\u00bb][et_pb_column type=\u00a0\u00bb4_4&Prime; _builder_version=\u00a0\u00bb3.25&Prime; custom_padding=\u00a0\u00bb|||\u00a0\u00bb custom_padding__hover=\u00a0\u00bb|||\u00a0\u00bb][et_pb_text admin_label=\u00a0\u00bbHero Title\u00a0\u00bb _builder_version=\u00a0\u00bb4.7.7&Prime; text_font=\u00a0\u00bbLato||||||||\u00a0\u00bb header_font=\u00a0\u00bbLato||||||||\u00a0\u00bb header_text_color=\u00a0\u00bb#435c75&Prime; header_font_size=\u00a0\u00bb35px\u00a0\u00bb header_2_font=\u00a0\u00bbLato||||||||\u00a0\u00bb header_2_text_color=\u00a0\u00bb#435c75&Prime; header_2_font_size=\u00a0\u00bb35px\u00a0\u00bb header_2_line_height=\u00a0\u00bb1.3em\u00a0\u00bb custom_margin=\u00a0\u00bb-130px||0px|||\u00a0\u00bb custom_padding=\u00a0\u00bb|||\u00a0\u00bb animation_style=\u00a0\u00bbslide\u00a0\u00bb animation_direction=\u00a0\u00bbleft\u00a0\u00bb animation_intensity_slide=\u00a0\u00bb5%\u00a0\u00bb animation_starting_opacity=\u00a0\u00bb100%\u00a0\u00bb text_font_size_last_edited=\u00a0\u00bboff|desktop\u00a0\u00bb] Organiser les obs\u00e8ques [\/et_pb_text][et_pb_text _builder_version=\u00a0\u00bb4.7.7&Prime; text_font=\u00a0\u00bbLato||||||||\u00a0\u00bb text_font_size=\u00a0\u00bb19px\u00a0\u00bb header_font=\u00a0\u00bb||||||||\u00a0\u00bb header_2_font=\u00a0\u00bbLato||||||||\u00a0\u00bb [&hellip;]","og_url":"https:\/\/pompes-funebres-grosso.fr\/index.php\/obseques-avec-les-pompes-funebres-grosso\/","og_site_name":"Pompes Fun\u00e8bres Grosso","article_modified_time":"2021-02-17T09:42:31+00:00","twitter_card":"summary_large_image","twitter_misc":{"Dur\u00e9e de lecture estim\u00e9e":"7 minutes"},"schema":{"@context":"https:\/\/schema.org","@graph":[{"@type":"WebPage","@id":"https:\/\/pompes-funebres-grosso.fr\/index.php\/obseques-avec-les-pompes-funebres-grosso\/","url":"https:\/\/pompes-funebres-grosso.fr\/index.php\/obseques-avec-les-pompes-funebres-grosso\/","name":"Obs\u00e8ques - Pompes Fun\u00e8bres Grosso","isPartOf":{"@id":"https:\/\/pompes-funebres-grosso.fr\/#website"},"datePublished":"2021-01-22T16:19:55+00:00","dateModified":"2021-02-17T09:42:31+00:00","breadcrumb":{"@id":"https:\/\/pompes-funebres-grosso.fr\/index.php\/obseques-avec-les-pompes-funebres-grosso\/#breadcrumb"},"inLanguage":"fr-FR","potentialAction":[{"@type":"ReadAction","target":["https:\/\/pompes-funebres-grosso.fr\/index.php\/obseques-avec-les-pompes-funebres-grosso\/"]}]},{"@type":"BreadcrumbList","@id":"https:\/\/pompes-funebres-grosso.fr\/index.php\/obseques-avec-les-pompes-funebres-grosso\/#breadcrumb","itemListElement":[{"@type":"ListItem","position":1,"name":"Accueil","item":"https:\/\/pompes-funebres-grosso.fr\/"},{"@type":"ListItem","position":2,"name":"Obs\u00e8ques"}]},{"@type":"WebSite","@id":"https:\/\/pompes-funebres-grosso.fr\/#website","url":"https:\/\/pompes-funebres-grosso.fr\/","name":"Pompes Fun\u00e8bres Grosso","description":"\u00c0 votre disposition 24h\/24 &amp; 7j\/7","potentialAction":[{"@type":"SearchAction","target":{"@type":"EntryPoint","urlTemplate":"https:\/\/pompes-funebres-grosso.fr\/?s={search_term_string}"},"query-input":{"@type":"PropertyValueSpecification","valueRequired":true,"valueName":"search_term_string"}}],"inLanguage":"fr-FR"}]}},"_links":{"self":[{"href":"https:\/\/pompes-funebres-grosso.fr\/index.php\/wp-json\/wp\/v2\/pages\/260","targetHints":{"allow":["GET"]}}],"collection":[{"href":"https:\/\/pompes-funebres-grosso.fr\/index.php\/wp-json\/wp\/v2\/pages"}],"about":[{"href":"https:\/\/pompes-funebres-grosso.fr\/index.php\/wp-json\/wp\/v2\/types\/page"}],"author":[{"embeddable":true,"href":"https:\/\/pompes-funebres-grosso.fr\/index.php\/wp-json\/wp\/v2\/users\/1"}],"replies":[{"embeddable":true,"href":"https:\/\/pompes-funebres-grosso.fr\/index.php\/wp-json\/wp\/v2\/comments?post=260"}],"version-history":[{"count":19,"href":"https:\/\/pompes-funebres-grosso.fr\/index.php\/wp-json\/wp\/v2\/pages\/260\/revisions"}],"predecessor-version":[{"id":832,"href":"https:\/\/pompes-funebres-grosso.fr\/index.php\/wp-json\/wp\/v2\/pages\/260\/revisions\/832"}],"wp:attachment":[{"href":"https:\/\/pompes-funebres-grosso.fr\/index.php\/wp-json\/wp\/v2\/media?parent=260"}],"curies":[{"name":"wp","href":"https:\/\/api.w.org\/{rel}","templated":true}]}}