{"id":272,"date":"2021-01-22T16:59:42","date_gmt":"2021-01-22T16:59:42","guid":{"rendered":"https:\/\/maquette.pompes-funebres-grosso.fr\/?page_id=272"},"modified":"2021-03-17T08:19:35","modified_gmt":"2021-03-17T08:19:35","slug":"catalogue-articles-funeraires-grosso","status":"publish","type":"page","link":"https:\/\/pompes-funebres-grosso.fr\/index.php\/catalogue-articles-funeraires-grosso\/","title":{"rendered":"Catalogue"},"content":{"rendered":"<p>[et_pb_section fb_built=\u00a0\u00bb1&Prime; next_background_color=\u00a0\u00bb#ffffff\u00a0\u00bb admin_label=\u00a0\u00bbHero Section\u00a0\u00bb _builder_version=\u00a0\u00bb4.8.2&Prime; use_background_color_gradient=\u00a0\u00bbon\u00a0\u00bb background_color_gradient_start=\u00a0\u00bbrgba(244,240,233,0.9)\u00a0\u00bb background_color_gradient_end=\u00a0\u00bbrgba(244,240,233,0)\u00a0\u00bb background_color_gradient_direction=\u00a0\u00bb90deg\u00a0\u00bb background_color_gradient_start_position=\u00a0\u00bb30%\u00a0\u00bb background_color_gradient_overlays_image=\u00a0\u00bbon\u00a0\u00bb background_image=\u00a0\u00bbhttps:\/\/pompes-funebres-grosso.fr\/\/wp-content\/uploads\/2021\/01\/florist-12.jpg\u00a0\u00bb background_position=\u00a0\u00bbcenter_right\u00a0\u00bb custom_margin=\u00a0\u00bb|||\u00a0\u00bb custom_padding=\u00a0\u00bb295px|0px|104px|0px||\u00a0\u00bb bottom_divider_style=\u00a0\u00bbasymmetric2&Prime; bottom_divider_height=\u00a0\u00bb80px\u00a0\u00bb][et_pb_row custom_padding_last_edited=\u00a0\u00bboff|desktop\u00a0\u00bb admin_label=\u00a0\u00bbHero Area\u00a0\u00bb _builder_version=\u00a0\u00bb3.25&Prime; width=\u00a0\u00bb83.3%\u00a0\u00bb custom_margin=\u00a0\u00bb-73px|auto|4px|auto||\u00a0\u00bb custom_padding=\u00a0\u00bb0px|0px|0px|0px||\u00a0\u00bb][et_pb_column type=\u00a0\u00bb4_4&Prime; _builder_version=\u00a0\u00bb3.25&Prime; custom_padding=\u00a0\u00bb|||\u00a0\u00bb custom_padding__hover=\u00a0\u00bb|||\u00a0\u00bb][et_pb_text admin_label=\u00a0\u00bbHero Title\u00a0\u00bb _builder_version=\u00a0\u00bb4.8.2&Prime; text_font=\u00a0\u00bbLato||||||||\u00a0\u00bb header_font=\u00a0\u00bb||||||||\u00a0\u00bb header_text_color=\u00a0\u00bb#435c75&Prime; header_font_size=\u00a0\u00bb35px\u00a0\u00bb header_2_font=\u00a0\u00bbLato||||||||\u00a0\u00bb header_2_text_color=\u00a0\u00bb#435c75&Prime; header_2_font_size=\u00a0\u00bb35px\u00a0\u00bb header_2_line_height=\u00a0\u00bb1.3em\u00a0\u00bb custom_margin=\u00a0\u00bb-130px||0px|||\u00a0\u00bb custom_padding=\u00a0\u00bb|||\u00a0\u00bb animation_style=\u00a0\u00bbslide\u00a0\u00bb animation_direction=\u00a0\u00bbleft\u00a0\u00bb animation_intensity_slide=\u00a0\u00bb5%\u00a0\u00bb animation_starting_opacity=\u00a0\u00bb100%\u00a0\u00bb text_font_size_last_edited=\u00a0\u00bboff|desktop\u00a0\u00bb]<\/p>\n<h1>Catalogue des articles fun\u00e9raires\u00a0<\/h1>\n<p>[\/et_pb_text][et_pb_text _builder_version=\u00a0\u00bb4.7.7&Prime; text_font=\u00a0\u00bbLato||||||||\u00a0\u00bb text_font_size=\u00a0\u00bb19px\u00a0\u00bb header_font=\u00a0\u00bb||||||||\u00a0\u00bb header_2_font=\u00a0\u00bbLato||||||||\u00a0\u00bb header_2_text_color=\u00a0\u00bb#435c75&Prime; header_2_font_size=\u00a0\u00bb35px\u00a0\u00bb header_2_line_height=\u00a0\u00bb1.3em\u00a0\u00bb max_width=\u00a0\u00bb500px\u00a0\u00bb custom_margin=\u00a0\u00bb|||\u00a0\u00bb custom_padding=\u00a0\u00bb||10px|\u00a0\u00bb animation_style=\u00a0\u00bbslide\u00a0\u00bb animation_direction=\u00a0\u00bbleft\u00a0\u00bb animation_intensity_slide=\u00a0\u00bb5%\u00a0\u00bb animation_starting_opacity=\u00a0\u00bb100%\u00a0\u00bb]<\/p>\n<p><em>Les Pompes Fun\u00e8bres Gross \u00e0 Morteau vous accompagnent dans le choix de vos accessoires fun\u00e9raires et compositions florales artificielles fabriqu\u00e9es en France. D\u00e9couvrez notre catalogue de fleurs, d&rsquo;urnes, de plaques fun\u00e9raires pour immortaliser le souvenir de l&rsquo;\u00eatre aim\u00e9 et orner sa derni\u00e8re demeure.\u00a0\u00a0<\/em><\/p>\n<p>[\/et_pb_text][\/et_pb_column][\/et_pb_row][\/et_pb_section][et_pb_section fb_built=\u00a0\u00bb1&Prime; admin_label=\u00a0\u00bbAbout Us Section\u00a0\u00bb _builder_version=\u00a0\u00bb3.22&Prime; custom_padding=\u00a0\u00bb36px||0px|||\u00a0\u00bb][et_pb_row _builder_version=\u00a0\u00bb4.7.7&Prime; _module_preset=\u00a0\u00bbdefault\u00a0\u00bb custom_margin=\u00a0\u00bb-24px|auto||auto||\u00a0\u00bb][et_pb_column type=\u00a0\u00bb4_4&Prime; _builder_version=\u00a0\u00bb4.7.7&Prime; _module_preset=\u00a0\u00bbdefault\u00a0\u00bb][et_pb_text _builder_version=\u00a0\u00bb4.7.7&Prime; _module_preset=\u00a0\u00bbdefault\u00a0\u00bb header_2_font=\u00a0\u00bbLato||||||||\u00a0\u00bb header_2_text_color=\u00a0\u00bb#435c75&Prime; header_2_font_size=\u00a0\u00bb30px\u00a0\u00bb]<\/p>\n<h2 style=\"text-align: center;\">Le Fun\u00e9rarium Grosso ou chambre fun\u00e9raire : un lieu de reccueillement<br \/> qui aide au processus de deuil<\/h2>\n<p>[\/et_pb_text][et_pb_text _builder_version=\u00a0\u00bb4.8.2&Prime; _module_preset=\u00a0\u00bbdefault\u00a0\u00bb text_font=\u00a0\u00bbLato||||||||\u00a0\u00bb header_2_font=\u00a0\u00bbLato||||||||\u00a0\u00bb header_2_text_color=\u00a0\u00bb#435c75&Prime; custom_margin=\u00a0\u00bb-19px|||||\u00a0\u00bb]<\/p>\n<p style=\"text-align: center;\">Le <strong>fun\u00e9rarium<\/strong>, connu \u00e9galement sous l&rsquo;appellation de <strong>chambre fun\u00e9raire<\/strong>, est un endroit compos\u00e9 d&rsquo;un ou plusieurs <strong>salons fun\u00e9raires<\/strong>. Lieu de repos du d\u00e9funt, il permet \u00e0 l&rsquo;entourage de venir se recueillir pendant la p\u00e9riode qui pr\u00e9c\u00e8de la c\u00e9r\u00e9monie des obs\u00e8ques. Le Fun\u00e9rarium Grosso pr\u00e9sente l&rsquo;avantage pour les familles de ne pas conserver le d\u00e9funt \u00e0 domicile si elle ne le souhaite pas et de s&rsquo;\u00e9pargner ainsi de nombreuses visites dans un moment si douloureux.<\/p>\n<p style=\"text-align: center;\">Veiller le d\u00e9funt au Fun\u00e9rarium Grosso \u00e0 Morteau est ainsi une alternative \u00e0 la traditionnelle veill\u00e9e. Les proches viennent communier avec l&rsquo;\u00eatre aim\u00e9, le temps d&rsquo;un dernier adieu, de l&#8217;embrasser une toute derni\u00e8re fois. Les amis, les familles qui vivent parfois \u00e9loign\u00e9s les uns des autres peuvent ainsi prendre le temps de se r\u00e9unir dans un lieu unique.<\/p>\n<p>[\/et_pb_text][et_pb_code _builder_version=\u00a0\u00bb4.8.2&Prime; _module_preset=\u00a0\u00bbdefault\u00a0\u00bb hover_enabled=\u00a0\u00bb0&Prime; sticky_enabled=\u00a0\u00bb0&Prime;][nggallery id=\u00a0\u00bb4&Prime;][\/et_pb_code][\/et_pb_column][\/et_pb_row][\/et_pb_section]<\/p>\n","protected":false},"excerpt":{"rendered":"<p>[et_pb_section fb_built=\u00a0\u00bb1&Prime; next_background_color=\u00a0\u00bb#ffffff\u00a0\u00bb admin_label=\u00a0\u00bbHero Section\u00a0\u00bb _builder_version=\u00a0\u00bb4.8.2&Prime; use_background_color_gradient=\u00a0\u00bbon\u00a0\u00bb background_color_gradient_start=\u00a0\u00bbrgba(244,240,233,0.9)\u00a0\u00bb background_color_gradient_end=\u00a0\u00bbrgba(244,240,233,0)\u00a0\u00bb background_color_gradient_direction=\u00a0\u00bb90deg\u00a0\u00bb background_color_gradient_start_position=\u00a0\u00bb30%\u00a0\u00bb background_color_gradient_overlays_image=\u00a0\u00bbon\u00a0\u00bb background_image=\u00a0\u00bbhttps:\/\/pompes-funebres-grosso.fr\/\/wp-content\/uploads\/2021\/01\/florist-12.jpg\u00a0\u00bb background_position=\u00a0\u00bbcenter_right\u00a0\u00bb custom_margin=\u00a0\u00bb|||\u00a0\u00bb custom_padding=\u00a0\u00bb295px|0px|104px|0px||\u00a0\u00bb bottom_divider_style=\u00a0\u00bbasymmetric2&Prime; bottom_divider_height=\u00a0\u00bb80px\u00a0\u00bb][et_pb_row custom_padding_last_edited=\u00a0\u00bboff|desktop\u00a0\u00bb admin_label=\u00a0\u00bbHero Area\u00a0\u00bb _builder_version=\u00a0\u00bb3.25&Prime; width=\u00a0\u00bb83.3%\u00a0\u00bb custom_margin=\u00a0\u00bb-73px|auto|4px|auto||\u00a0\u00bb custom_padding=\u00a0\u00bb0px|0px|0px|0px||\u00a0\u00bb][et_pb_column type=\u00a0\u00bb4_4&Prime; _builder_version=\u00a0\u00bb3.25&Prime; custom_padding=\u00a0\u00bb|||\u00a0\u00bb custom_padding__hover=\u00a0\u00bb|||\u00a0\u00bb][et_pb_text admin_label=\u00a0\u00bbHero Title\u00a0\u00bb _builder_version=\u00a0\u00bb4.8.2&Prime; text_font=\u00a0\u00bbLato||||||||\u00a0\u00bb header_font=\u00a0\u00bb||||||||\u00a0\u00bb header_text_color=\u00a0\u00bb#435c75&Prime; header_font_size=\u00a0\u00bb35px\u00a0\u00bb header_2_font=\u00a0\u00bbLato||||||||\u00a0\u00bb header_2_text_color=\u00a0\u00bb#435c75&Prime; header_2_font_size=\u00a0\u00bb35px\u00a0\u00bb header_2_line_height=\u00a0\u00bb1.3em\u00a0\u00bb custom_margin=\u00a0\u00bb-130px||0px|||\u00a0\u00bb custom_padding=\u00a0\u00bb|||\u00a0\u00bb animation_style=\u00a0\u00bbslide\u00a0\u00bb animation_direction=\u00a0\u00bbleft\u00a0\u00bb animation_intensity_slide=\u00a0\u00bb5%\u00a0\u00bb animation_starting_opacity=\u00a0\u00bb100%\u00a0\u00bb text_font_size_last_edited=\u00a0\u00bboff|desktop\u00a0\u00bb] Catalogue des articles fun\u00e9raires\u00a0 [\/et_pb_text][et_pb_text _builder_version=\u00a0\u00bb4.7.7&Prime; text_font=\u00a0\u00bbLato||||||||\u00a0\u00bb text_font_size=\u00a0\u00bb19px\u00a0\u00bb [&hellip;]<\/p>\n","protected":false},"author":1,"featured_media":0,"parent":0,"menu_order":0,"comment_status":"closed","ping_status":"closed","template":"","meta":{"_et_pb_use_builder":"on","_et_pb_old_content":"","_et_gb_content_width":"","footnotes":""},"class_list":["post-272","page","type-page","status-publish","hentry"],"yoast_head":"<!-- This site is optimized with the Yoast SEO plugin v26.0 - https:\/\/yoast.com\/wordpress\/plugins\/seo\/ -->\n<title>Catalogue - Pompes Fun\u00e8bres Grosso<\/title>\n<meta name=\"robots\" content=\"index, follow, max-snippet:-1, max-image-preview:large, max-video-preview:-1\" \/>\n<link rel=\"canonical\" href=\"https:\/\/pompes-funebres-grosso.fr\/index.php\/catalogue-articles-funeraires-grosso\/\" \/>\n<meta property=\"og:locale\" content=\"fr_FR\" \/>\n<meta property=\"og:type\" content=\"article\" \/>\n<meta property=\"og:title\" content=\"Catalogue - Pompes Fun\u00e8bres Grosso\" \/>\n<meta property=\"og:description\" content=\"[et_pb_section fb_built=\u00a0\u00bb1&Prime; next_background_color=\u00a0\u00bb#ffffff\u00a0\u00bb admin_label=\u00a0\u00bbHero Section\u00a0\u00bb _builder_version=\u00a0\u00bb4.8.2&Prime; use_background_color_gradient=\u00a0\u00bbon\u00a0\u00bb background_color_gradient_start=\u00a0\u00bbrgba(244,240,233,0.9)\u00a0\u00bb background_color_gradient_end=\u00a0\u00bbrgba(244,240,233,0)\u00a0\u00bb background_color_gradient_direction=\u00a0\u00bb90deg\u00a0\u00bb background_color_gradient_start_position=\u00a0\u00bb30%\u00a0\u00bb background_color_gradient_overlays_image=\u00a0\u00bbon\u00a0\u00bb background_image=\u00a0\u00bbhttps:\/\/pompes-funebres-grosso.fr\/\/wp-content\/uploads\/2021\/01\/florist-12.jpg\u00a0\u00bb background_position=\u00a0\u00bbcenter_right\u00a0\u00bb custom_margin=\u00a0\u00bb|||\u00a0\u00bb custom_padding=\u00a0\u00bb295px|0px|104px|0px||\u00a0\u00bb bottom_divider_style=\u00a0\u00bbasymmetric2&Prime; bottom_divider_height=\u00a0\u00bb80px\u00a0\u00bb][et_pb_row custom_padding_last_edited=\u00a0\u00bboff|desktop\u00a0\u00bb admin_label=\u00a0\u00bbHero Area\u00a0\u00bb _builder_version=\u00a0\u00bb3.25&Prime; width=\u00a0\u00bb83.3%\u00a0\u00bb custom_margin=\u00a0\u00bb-73px|auto|4px|auto||\u00a0\u00bb custom_padding=\u00a0\u00bb0px|0px|0px|0px||\u00a0\u00bb][et_pb_column type=\u00a0\u00bb4_4&Prime; _builder_version=\u00a0\u00bb3.25&Prime; custom_padding=\u00a0\u00bb|||\u00a0\u00bb custom_padding__hover=\u00a0\u00bb|||\u00a0\u00bb][et_pb_text admin_label=\u00a0\u00bbHero Title\u00a0\u00bb _builder_version=\u00a0\u00bb4.8.2&Prime; text_font=\u00a0\u00bbLato||||||||\u00a0\u00bb header_font=\u00a0\u00bb||||||||\u00a0\u00bb header_text_color=\u00a0\u00bb#435c75&Prime; header_font_size=\u00a0\u00bb35px\u00a0\u00bb header_2_font=\u00a0\u00bbLato||||||||\u00a0\u00bb header_2_text_color=\u00a0\u00bb#435c75&Prime; header_2_font_size=\u00a0\u00bb35px\u00a0\u00bb header_2_line_height=\u00a0\u00bb1.3em\u00a0\u00bb custom_margin=\u00a0\u00bb-130px||0px|||\u00a0\u00bb custom_padding=\u00a0\u00bb|||\u00a0\u00bb animation_style=\u00a0\u00bbslide\u00a0\u00bb animation_direction=\u00a0\u00bbleft\u00a0\u00bb animation_intensity_slide=\u00a0\u00bb5%\u00a0\u00bb animation_starting_opacity=\u00a0\u00bb100%\u00a0\u00bb text_font_size_last_edited=\u00a0\u00bboff|desktop\u00a0\u00bb] Catalogue des articles fun\u00e9raires\u00a0 [\/et_pb_text][et_pb_text _builder_version=\u00a0\u00bb4.7.7&Prime; text_font=\u00a0\u00bbLato||||||||\u00a0\u00bb text_font_size=\u00a0\u00bb19px\u00a0\u00bb [&hellip;]\" \/>\n<meta property=\"og:url\" content=\"https:\/\/pompes-funebres-grosso.fr\/index.php\/catalogue-articles-funeraires-grosso\/\" \/>\n<meta property=\"og:site_name\" content=\"Pompes Fun\u00e8bres Grosso\" \/>\n<meta property=\"article:modified_time\" content=\"2021-03-17T08:19:35+00:00\" \/>\n<meta name=\"twitter:card\" content=\"summary_large_image\" \/>\n<meta name=\"twitter:label1\" content=\"Dur\u00e9e de lecture estim\u00e9e\" \/>\n\t<meta name=\"twitter:data1\" content=\"3 minutes\" \/>\n<script type=\"application\/ld+json\" class=\"yoast-schema-graph\">{\"@context\":\"https:\/\/schema.org\",\"@graph\":[{\"@type\":\"WebPage\",\"@id\":\"https:\/\/pompes-funebres-grosso.fr\/index.php\/catalogue-articles-funeraires-grosso\/\",\"url\":\"https:\/\/pompes-funebres-grosso.fr\/index.php\/catalogue-articles-funeraires-grosso\/\",\"name\":\"Catalogue - Pompes Fun\u00e8bres Grosso\",\"isPartOf\":{\"@id\":\"https:\/\/pompes-funebres-grosso.fr\/#website\"},\"datePublished\":\"2021-01-22T16:59:42+00:00\",\"dateModified\":\"2021-03-17T08:19:35+00:00\",\"breadcrumb\":{\"@id\":\"https:\/\/pompes-funebres-grosso.fr\/index.php\/catalogue-articles-funeraires-grosso\/#breadcrumb\"},\"inLanguage\":\"fr-FR\",\"potentialAction\":[{\"@type\":\"ReadAction\",\"target\":[\"https:\/\/pompes-funebres-grosso.fr\/index.php\/catalogue-articles-funeraires-grosso\/\"]}]},{\"@type\":\"BreadcrumbList\",\"@id\":\"https:\/\/pompes-funebres-grosso.fr\/index.php\/catalogue-articles-funeraires-grosso\/#breadcrumb\",\"itemListElement\":[{\"@type\":\"ListItem\",\"position\":1,\"name\":\"Accueil\",\"item\":\"https:\/\/pompes-funebres-grosso.fr\/\"},{\"@type\":\"ListItem\",\"position\":2,\"name\":\"Catalogue\"}]},{\"@type\":\"WebSite\",\"@id\":\"https:\/\/pompes-funebres-grosso.fr\/#website\",\"url\":\"https:\/\/pompes-funebres-grosso.fr\/\",\"name\":\"Pompes Fun\u00e8bres Grosso\",\"description\":\"\u00c0 votre disposition 24h\/24 &amp; 7j\/7\",\"potentialAction\":[{\"@type\":\"SearchAction\",\"target\":{\"@type\":\"EntryPoint\",\"urlTemplate\":\"https:\/\/pompes-funebres-grosso.fr\/?s={search_term_string}\"},\"query-input\":{\"@type\":\"PropertyValueSpecification\",\"valueRequired\":true,\"valueName\":\"search_term_string\"}}],\"inLanguage\":\"fr-FR\"}]}<\/script>\n<!-- \/ Yoast SEO plugin. -->","yoast_head_json":{"title":"Catalogue - Pompes Fun\u00e8bres Grosso","robots":{"index":"index","follow":"follow","max-snippet":"max-snippet:-1","max-image-preview":"max-image-preview:large","max-video-preview":"max-video-preview:-1"},"canonical":"https:\/\/pompes-funebres-grosso.fr\/index.php\/catalogue-articles-funeraires-grosso\/","og_locale":"fr_FR","og_type":"article","og_title":"Catalogue - Pompes Fun\u00e8bres Grosso","og_description":"[et_pb_section fb_built=\u00a0\u00bb1&Prime; next_background_color=\u00a0\u00bb#ffffff\u00a0\u00bb admin_label=\u00a0\u00bbHero Section\u00a0\u00bb _builder_version=\u00a0\u00bb4.8.2&Prime; use_background_color_gradient=\u00a0\u00bbon\u00a0\u00bb background_color_gradient_start=\u00a0\u00bbrgba(244,240,233,0.9)\u00a0\u00bb background_color_gradient_end=\u00a0\u00bbrgba(244,240,233,0)\u00a0\u00bb background_color_gradient_direction=\u00a0\u00bb90deg\u00a0\u00bb background_color_gradient_start_position=\u00a0\u00bb30%\u00a0\u00bb background_color_gradient_overlays_image=\u00a0\u00bbon\u00a0\u00bb background_image=\u00a0\u00bbhttps:\/\/pompes-funebres-grosso.fr\/\/wp-content\/uploads\/2021\/01\/florist-12.jpg\u00a0\u00bb background_position=\u00a0\u00bbcenter_right\u00a0\u00bb custom_margin=\u00a0\u00bb|||\u00a0\u00bb custom_padding=\u00a0\u00bb295px|0px|104px|0px||\u00a0\u00bb bottom_divider_style=\u00a0\u00bbasymmetric2&Prime; bottom_divider_height=\u00a0\u00bb80px\u00a0\u00bb][et_pb_row custom_padding_last_edited=\u00a0\u00bboff|desktop\u00a0\u00bb admin_label=\u00a0\u00bbHero Area\u00a0\u00bb _builder_version=\u00a0\u00bb3.25&Prime; width=\u00a0\u00bb83.3%\u00a0\u00bb custom_margin=\u00a0\u00bb-73px|auto|4px|auto||\u00a0\u00bb custom_padding=\u00a0\u00bb0px|0px|0px|0px||\u00a0\u00bb][et_pb_column type=\u00a0\u00bb4_4&Prime; _builder_version=\u00a0\u00bb3.25&Prime; custom_padding=\u00a0\u00bb|||\u00a0\u00bb custom_padding__hover=\u00a0\u00bb|||\u00a0\u00bb][et_pb_text admin_label=\u00a0\u00bbHero Title\u00a0\u00bb _builder_version=\u00a0\u00bb4.8.2&Prime; text_font=\u00a0\u00bbLato||||||||\u00a0\u00bb header_font=\u00a0\u00bb||||||||\u00a0\u00bb header_text_color=\u00a0\u00bb#435c75&Prime; header_font_size=\u00a0\u00bb35px\u00a0\u00bb header_2_font=\u00a0\u00bbLato||||||||\u00a0\u00bb header_2_text_color=\u00a0\u00bb#435c75&Prime; header_2_font_size=\u00a0\u00bb35px\u00a0\u00bb header_2_line_height=\u00a0\u00bb1.3em\u00a0\u00bb custom_margin=\u00a0\u00bb-130px||0px|||\u00a0\u00bb custom_padding=\u00a0\u00bb|||\u00a0\u00bb animation_style=\u00a0\u00bbslide\u00a0\u00bb animation_direction=\u00a0\u00bbleft\u00a0\u00bb animation_intensity_slide=\u00a0\u00bb5%\u00a0\u00bb animation_starting_opacity=\u00a0\u00bb100%\u00a0\u00bb text_font_size_last_edited=\u00a0\u00bboff|desktop\u00a0\u00bb] Catalogue des articles fun\u00e9raires\u00a0 [\/et_pb_text][et_pb_text _builder_version=\u00a0\u00bb4.7.7&Prime; text_font=\u00a0\u00bbLato||||||||\u00a0\u00bb text_font_size=\u00a0\u00bb19px\u00a0\u00bb [&hellip;]","og_url":"https:\/\/pompes-funebres-grosso.fr\/index.php\/catalogue-articles-funeraires-grosso\/","og_site_name":"Pompes Fun\u00e8bres Grosso","article_modified_time":"2021-03-17T08:19:35+00:00","twitter_card":"summary_large_image","twitter_misc":{"Dur\u00e9e de lecture estim\u00e9e":"3 minutes"},"schema":{"@context":"https:\/\/schema.org","@graph":[{"@type":"WebPage","@id":"https:\/\/pompes-funebres-grosso.fr\/index.php\/catalogue-articles-funeraires-grosso\/","url":"https:\/\/pompes-funebres-grosso.fr\/index.php\/catalogue-articles-funeraires-grosso\/","name":"Catalogue - Pompes Fun\u00e8bres Grosso","isPartOf":{"@id":"https:\/\/pompes-funebres-grosso.fr\/#website"},"datePublished":"2021-01-22T16:59:42+00:00","dateModified":"2021-03-17T08:19:35+00:00","breadcrumb":{"@id":"https:\/\/pompes-funebres-grosso.fr\/index.php\/catalogue-articles-funeraires-grosso\/#breadcrumb"},"inLanguage":"fr-FR","potentialAction":[{"@type":"ReadAction","target":["https:\/\/pompes-funebres-grosso.fr\/index.php\/catalogue-articles-funeraires-grosso\/"]}]},{"@type":"BreadcrumbList","@id":"https:\/\/pompes-funebres-grosso.fr\/index.php\/catalogue-articles-funeraires-grosso\/#breadcrumb","itemListElement":[{"@type":"ListItem","position":1,"name":"Accueil","item":"https:\/\/pompes-funebres-grosso.fr\/"},{"@type":"ListItem","position":2,"name":"Catalogue"}]},{"@type":"WebSite","@id":"https:\/\/pompes-funebres-grosso.fr\/#website","url":"https:\/\/pompes-funebres-grosso.fr\/","name":"Pompes Fun\u00e8bres Grosso","description":"\u00c0 votre disposition 24h\/24 &amp; 7j\/7","potentialAction":[{"@type":"SearchAction","target":{"@type":"EntryPoint","urlTemplate":"https:\/\/pompes-funebres-grosso.fr\/?s={search_term_string}"},"query-input":{"@type":"PropertyValueSpecification","valueRequired":true,"valueName":"search_term_string"}}],"inLanguage":"fr-FR"}]}},"_links":{"self":[{"href":"https:\/\/pompes-funebres-grosso.fr\/index.php\/wp-json\/wp\/v2\/pages\/272","targetHints":{"allow":["GET"]}}],"collection":[{"href":"https:\/\/pompes-funebres-grosso.fr\/index.php\/wp-json\/wp\/v2\/pages"}],"about":[{"href":"https:\/\/pompes-funebres-grosso.fr\/index.php\/wp-json\/wp\/v2\/types\/page"}],"author":[{"embeddable":true,"href":"https:\/\/pompes-funebres-grosso.fr\/index.php\/wp-json\/wp\/v2\/users\/1"}],"replies":[{"embeddable":true,"href":"https:\/\/pompes-funebres-grosso.fr\/index.php\/wp-json\/wp\/v2\/comments?post=272"}],"version-history":[{"count":13,"href":"https:\/\/pompes-funebres-grosso.fr\/index.php\/wp-json\/wp\/v2\/pages\/272\/revisions"}],"predecessor-version":[{"id":691,"href":"https:\/\/pompes-funebres-grosso.fr\/index.php\/wp-json\/wp\/v2\/pages\/272\/revisions\/691"}],"wp:attachment":[{"href":"https:\/\/pompes-funebres-grosso.fr\/index.php\/wp-json\/wp\/v2\/media?parent=272"}],"curies":[{"name":"wp","href":"https:\/\/api.w.org\/{rel}","templated":true}]}}