{"id":468,"date":"2021-01-28T14:40:05","date_gmt":"2021-01-28T14:40:05","guid":{"rendered":"https:\/\/maquette.pompes-funebres-grosso.fr\/?page_id=468"},"modified":"2025-05-23T15:57:50","modified_gmt":"2025-05-23T15:57:50","slug":"mentions-legales","status":"publish","type":"page","link":"https:\/\/pompes-funebres-grosso.fr\/index.php\/mentions-legales\/","title":{"rendered":"Mentions l\u00e9gales"},"content":{"rendered":"<p>[et_pb_section fb_built=\u00a0\u00bb1&Prime; next_background_color=\u00a0\u00bb#ffffff\u00a0\u00bb admin_label=\u00a0\u00bbHero Section\u00a0\u00bb _builder_version=\u00a0\u00bb4.9.4&Prime; use_background_color_gradient=\u00a0\u00bbon\u00a0\u00bb background_color_gradient_start=\u00a0\u00bbrgba(244,240,233,0.9)\u00a0\u00bb background_color_gradient_end=\u00a0\u00bbrgba(244,240,233,0)\u00a0\u00bb background_color_gradient_direction=\u00a0\u00bb149deg\u00a0\u00bb background_color_gradient_start_position=\u00a0\u00bb30%\u00a0\u00bb background_color_gradient_overlays_image=\u00a0\u00bbon\u00a0\u00bb background_image=\u00a0\u00bbhttps:\/\/pompes-funebres-grosso.fr\/\/wp-content\/uploads\/2021\/01\/florist-12.jpg\u00a0\u00bb custom_margin=\u00a0\u00bb|||\u00a0\u00bb custom_padding=\u00a0\u00bb250px|0px|9px|0px||\u00a0\u00bb bottom_divider_style=\u00a0\u00bbasymmetric2&Prime; bottom_divider_height=\u00a0\u00bb80px\u00a0\u00bb][et_pb_row custom_padding_last_edited=\u00a0\u00bboff|desktop\u00a0\u00bb admin_label=\u00a0\u00bbHero Area\u00a0\u00bb _builder_version=\u00a0\u00bb3.25&Prime; width=\u00a0\u00bb83.3%\u00a0\u00bb custom_margin=\u00a0\u00bb-69px|auto|14px|auto||\u00a0\u00bb custom_padding=\u00a0\u00bb0px|0px|0px|0px||\u00a0\u00bb][et_pb_column type=\u00a0\u00bb4_4&Prime; _builder_version=\u00a0\u00bb3.25&Prime; custom_padding=\u00a0\u00bb|||\u00a0\u00bb custom_padding__hover=\u00a0\u00bb|||\u00a0\u00bb][et_pb_text admin_label=\u00a0\u00bbHero Title\u00a0\u00bb _builder_version=\u00a0\u00bb4.7.7&Prime; text_font=\u00a0\u00bbLato||||||||\u00a0\u00bb header_font=\u00a0\u00bbLato||||||||\u00a0\u00bb header_text_color=\u00a0\u00bb#435c75&Prime; header_font_size=\u00a0\u00bb35px\u00a0\u00bb header_2_font=\u00a0\u00bbLato||||||||\u00a0\u00bb header_2_text_color=\u00a0\u00bb#435c75&Prime; header_2_font_size=\u00a0\u00bb35px\u00a0\u00bb header_2_line_height=\u00a0\u00bb1.3em\u00a0\u00bb custom_margin=\u00a0\u00bb-117px||0px|||\u00a0\u00bb custom_padding=\u00a0\u00bb|||\u00a0\u00bb animation_style=\u00a0\u00bbslide\u00a0\u00bb animation_direction=\u00a0\u00bbleft\u00a0\u00bb animation_intensity_slide=\u00a0\u00bb5%\u00a0\u00bb animation_starting_opacity=\u00a0\u00bb100%\u00a0\u00bb text_font_size_last_edited=\u00a0\u00bboff|desktop\u00a0\u00bb]<\/p>\n<h1>Mentions l\u00e9gales<\/h1>\n<p>[\/et_pb_text][\/et_pb_column][\/et_pb_row][\/et_pb_section][et_pb_section fb_built=\u00a0\u00bb1&Prime; admin_label=\u00a0\u00bbAbout Us Section\u00a0\u00bb _builder_version=\u00a0\u00bb3.22&Prime; custom_padding=\u00a0\u00bb36px||0px|||\u00a0\u00bb][et_pb_row _builder_version=\u00a0\u00bb4.7.7&Prime; _module_preset=\u00a0\u00bbdefault\u00a0\u00bb custom_margin=\u00a0\u00bb-24px|auto||auto||\u00a0\u00bb custom_padding=\u00a0\u00bb||55px|||\u00a0\u00bb][et_pb_column type=\u00a0\u00bb4_4&Prime; _builder_version=\u00a0\u00bb4.7.7&Prime; _module_preset=\u00a0\u00bbdefault\u00a0\u00bb][et_pb_text _builder_version=\u00a0\u00bb4.7.7&Prime; _module_preset=\u00a0\u00bbdefault\u00a0\u00bb text_font=\u00a0\u00bbLato||||||||\u00a0\u00bb header_2_font=\u00a0\u00bbLato||||||||\u00a0\u00bb header_2_text_color=\u00a0\u00bb#435c75&Prime; header_2_font_size=\u00a0\u00bb25px\u00a0\u00bb header_3_font=\u00a0\u00bbLato||||||||\u00a0\u00bb header_3_text_color=\u00a0\u00bb#435c75&Prime; header_3_font_size=\u00a0\u00bb25px\u00a0\u00bb custom_margin=\u00a0\u00bb-19px|||||\u00a0\u00bb]<\/p>\n<h2><strong><\/strong><\/h2>\n<h2><strong><br \/># \u00c9dition du site Internet<\/strong><\/h2>\n<p>Le site Pompes Fun\u00e8bres Grosso, accessible \u00e0 l\u2019adresse<span>\u00a0<\/span><a href=\"https:\/\/www.pompes-funebres-grosso.fr\/\" target=\"_blank\" rel=\"noopener\">https:\/\/www.pompes-funebres-grosso.fr\/<\/a><span>\u00a0<\/span>est \u00e9dit\u00e9 par la soci\u00e9t\u00e9 Pompes Fun\u00e8bres Grosso :<br \/>&#8211; SAS au capital de 192 000 \u20ac<br \/>&#8211; Habilitation pr\u00e9fectorale &#8211; Num ROF : 20-25-0055<br \/>&#8211; Responsable l\u00e9gal : Marc Grosso<br \/>&#8211; Num\u00e9ro de SIRET : 394 696 991 00014<br \/>&#8211; Code A.P.E : 9603Z<br \/>&#8211; R.C.S Besan\u00e7on : 394 696 991<br \/>&#8211; TVA : FR54394696991<br \/>&#8211; ORIAS n\u00b0 07024420<br \/>&#8211; Etat membre : France<br \/>&#8211; Organisme professionnel : FFPF<\/p>\n<p><em><strong>Directeur de la publication :<\/strong><\/em><br \/>Marc Grosso, directeur des Pompes Fun\u00e8bres Grosso<br \/><em><strong>Si\u00e8ge social :<\/strong><\/em><br \/>Pompes Fun\u00e8bres Grosso<br \/>31 rue Pasteur &#8211; 25 500 MORTEAU<br \/><span id=\"et-info-phone\">+33 (0)3 81 67 38 88 &#8211; <a href=\"mailto:info@pompes-funebres-grosso.fr\">info@pompes-funebres-grosso.fr<\/a><\/span><\/p>\n<h2><strong><br \/># H\u00e9bergement du site Internet<\/strong><\/h2>\n<p>Le Site est h\u00e9berg\u00e9 par APOG, dont voici l\u2019adresse est :<br \/>61 Quai du Forst \u2013 68200 Mulhouse<\/p>\n<h2><strong><br \/># Pr\u00e9ambule<\/strong><\/h2>\n<p>La soci\u00e9t\u00e9 POMPES FUN\u00c8BRES GROSSO (\u00ab Pompes fun\u00e8bres Grosso \u00bb) exploite le site internet <a href=\"https:\/\/pompes-funebres-grosso.fr\/\">https:\/\/pompes-funebres-grosso.fr\/<\/a> (le \u00ab Site \u00bb). Toute personne utilisant le Site (l\u2019\u00ab\u00a0Internaute\u00a0\u00bb)\u00a0s\u2019engage \u00e0 respecter les dispositions des pr\u00e9sentes.<\/p>\n<h2><strong><br \/># Pr\u00e9sentation du site<\/strong><\/h2>\n<p><a href=\"https:\/\/pompes-funebres-grosso.fr\">https:\/\/pompes-funebres-grosso.fr\/<\/a> est le site d\u2019information des pompes fun\u00e8bres Grosso.<\/p>\n<h2><strong><br \/># Obligations de l&rsquo;internaute<\/strong><\/h2>\n<p>L\u2019Internaute\u00a0s\u2019engage \u00e0 :<br \/>&#8211; Ne pas porter atteinte et\/ou tenter de porter atteinte au bon fonctionnement du Site, y compris \u00e0 son contenu, de quelque mani\u00e8re que ce soit\u00a0;<br \/>&#8211; Ne pas reproduire, utiliser ou repr\u00e9senter sans l\u2019accord expr\u00e8s des Pompes fun\u00e8bres Grosso, qui en d\u00e9tient la propri\u00e9t\u00e9, le Site et son contenu\u00a0;<br \/>&#8211; Ne pas t\u00e9l\u00e9charger, afficher ou transmettre, via le Site, tout mat\u00e9riel :<br \/>&#8211; de nature \u00e0 restreindre ou interrompre l\u2019acc\u00e8s d\u2019un autre Internaute au Site ;<br \/>&#8211; frauduleux, ill\u00e9gal, abusif, diffamatoire, obsc\u00e8ne, incitant \u00e0 la haine ou portant atteinte \u00e0 la vie priv\u00e9e ;<br \/>&#8211; constituant ou encourageant une conduite susceptible de violation des lois ;<br \/>&#8211; violant ou portant atteinte aux droits d\u2019un tiers ;<br \/>&#8211; contenant un virus ou un logiciel malveillant, permettant notamment de collecter ou d\u2019extraire des donn\u00e9es de mani\u00e8re automatique\u00a0;<br \/>&#8211; constituant un contenu promotionnel ou publicitaire non sollicit\u00e9 ou non autoris\u00e9 tel que, mais sans s\u2019y limiter, un spam, une cha\u00eene de courriels, etc.<\/p>\n<p>Les Pompes fun\u00e8bres Grosso ne sauraient \u00eatre responsable de l\u2019utilisation du Site par des mineurs de moins de 15 ans ayant notamment conduit \u00e0 la collecte de leurs donn\u00e9es personnelles.<\/p>\n<h2><strong><br \/># Propri\u00e9t\u00e9 intellectuelle<\/strong><\/h2>\n<p>L\u2019ensemble du contenu du Site est prot\u00e9g\u00e9 par la l\u00e9gislation applicable notamment en mati\u00e8re de droit d\u2019auteur, de droit des dessins et mod\u00e8les, de droit des marques, de concurrence d\u00e9loyale et parasitisme.<\/p>\n<p>Les Pompes fun\u00e8bres Grosso sont les seuls et uniques titulaires des droits d\u2019exploitation portant sur les \u00e9l\u00e9ments de propri\u00e9t\u00e9 intellectuelle du Site et notamment sur les articles.<\/p>\n<p>L\u2019Internaute n\u2019est pas autoris\u00e9 \u00e0 reproduire, exploiter, rediffuser ou utiliser \u00e0 quelque titre que ce soit, m\u00eame partiellement, des \u00e9l\u00e9ments du Site.<br \/>En application de l\u2019article L.122-4 du Code de la propri\u00e9t\u00e9 intellectuelle, toute repr\u00e9sentation ou toute reproduction non express\u00e9ment autoris\u00e9e, ou \u00e0 un usage autre que strictement priv\u00e9, par quelque moyen que ce soit, constitue un acte de contrefa\u00e7on sanctionn\u00e9 par la loi.<\/p>\n<h2><strong><br \/># Acc\u00e8s aux sites &amp; Responsabilit\u00e9<\/strong><\/h2>\n<p>Le Site est accessible par le biais du r\u00e9seau Internet. L\u2019acc\u00e8s au Site est gratuit. Toutefois, le prix de la connexion \u00e0 Internet est \u00e0 la charge de l\u2019Internaute. Il appartient \u00e0 l\u2019Internaute de s\u2019assurer qu\u2019il dispose d\u2019une protection ad\u00e9quate contre les virus informatiques.<\/p>\n<p>L\u2019Internaute reconna\u00eet que les Pompes fun\u00e8bres Grosso ne sauraient \u00eatre responsable de l\u2019intrusion par des tiers dans son syst\u00e8me informatique et\/ou de l\u2019interception par des tiers des transmissions de donn\u00e9es effectu\u00e9es \u00e0 l\u2019occasion de l\u2019utilisation par l\u2019Internaute du Site.<\/p>\n<p>Les Pompes fun\u00e8bres Grosso ne garantit pas un acc\u00e8s continu ou sans difficult\u00e9 technique au Site et au contenu des informations pr\u00e9sent\u00e9es sur ledit Site. L\u2019acc\u00e8s pourra notamment \u00eatre interrompu ou suspendu aux fins de maintenance, d\u2019actions correctives ou de difficult\u00e9s<br \/>li\u00e9es aux r\u00e9seaux de t\u00e9l\u00e9communication.<\/p>\n<p>Les Pompes fun\u00e8bres Grosso ne sauraient en aucun cas \u00eatre tenu responsable du contenu des articles publi\u00e9s sur le Site. Les articles r\u00e9dig\u00e9s par les scientifiques sont des cas d\u2019\u00e9tudes et ne doivent en aucun cas \u00eatre assimil\u00e9s \u00e0 des diagnostics ou des conseils m\u00e9dicaux pouvant \u00eatre appliqu\u00e9s \u00e0 chacun. Pour toute d\u00e9cision relative \u00e0 sa sant\u00e9, l\u2019Internaute doit imp\u00e9rativement consulter un m\u00e9decin. La responsabilit\u00e9 des Pompes fun\u00e8bres Grosso ne pourra en aucun cas \u00eatre engag\u00e9e pour tout dommage survenu \u00e0 un Internaute \u00e0 la suite de son interpr\u00e9tation des articles publi\u00e9s sur le Site.<\/p>\n<h2><strong># Hyperliens<\/strong><\/h2>\n<p>L\u2019Internaute reconnait ne pas \u00eatre autoris\u00e9 \u00e0 cr\u00e9er et\/ou maintenir un lien vers le Site sans l\u2019accord pr\u00e9alable des Pompes fun\u00e8bres Grosso.<br \/>Le Site peut \u00eatre accessible depuis d\u2019autres sites internet, ou contenir des liens hypertextes menant vers d\u2019autres sites internet, notamment vers les r\u00e9seaux sociaux, sans que les Pompes fun\u00e8bres Grosso ne puissent \u00eatre tenu responsable du contenu de ces derniers.<\/p>\n<h2><strong># Cookies<\/strong><\/h2>\n<p>Un cookie est un fichier informatique, stock\u00e9 sur le disque dur de l\u2019ordinateur de l\u2019Internaute et qui permet de signaler qu\u2019il a visit\u00e9 le Site Internet.<br \/>Les Pompes fun\u00e8bres Grosso ont recours \u00e0 des cookies de session. Pour toute information compl\u00e9mentaire, veuillez-vous r\u00e9f\u00e9rer \u00e0 notre politique cookies disponibles sur notre site ou \u00e0 l\u2019adresse suivante : <a href=\"https:\/\/pompes-funebres-grosso.fr\/index.php\/politique-des-cookies\/\">https:\/\/pompes-funebres-grosso.fr\/index.php\/politique-des-cookies<\/a><br \/><strong style=\"color: #435c75; font-size: 25px;\"><br \/># Protection des donn\u00e9es \u00e0 caract\u00e8re personnel<br \/><\/strong>Les Pompes fun\u00e8bres Grosso ont mis en place une politique de protection de vos donn\u00e9es \u00e0 caract\u00e8re personnelles. Nous vous invitons \u00e0 la consulter directement sur notre site web ou \u00e0 l\u2019adresse suivante\u00a0:<a href=\"https:\/\/pompes-funebres-grosso.fr\/index.php\/protection-des-donnees-personnelles-grosso\/\"><span style=\"font-size: 17px;\"> https:\/\/pompes-funebres-grosso.fr\/index.php\/protection-des-donnees-personnelles-grosso\/<\/span><\/a><\/p>\n<h2><strong># Litige &#8211; M\u00e9diation<\/strong><\/h2>\n<p>Le client s\u2019oblige \u00e0 contacter pr\u00e9alablement le Service clients du vendeur en cas de difficult\u00e9 dans l\u2019ex\u00e9cution du contrat ou de contestation. Le client peut saisir le M\u00e9diateur de la consommation des professions fun\u00e9raires, M. Pierre-Fran\u00e7ois FIRTION, 14, rue des Foss\u00e9s Saint-Marcel 75005 Paris, ou par mail :<span>\u00a0<\/span><a href=\"mailto:mediateur@mediateurconso-servicesfuneraires.fr\">mediateur@mediateurconso-servicesfuneraires.fr<\/a><\/p>\n<p>[\/et_pb_text][\/et_pb_column][\/et_pb_row][\/et_pb_section][et_pb_section fb_built=\u00a0\u00bb1&Prime; _builder_version=\u00a0\u00bb4.7.7&Prime; _module_preset=\u00a0\u00bbdefault\u00a0\u00bb background_color=\u00a0\u00bb#cbd8e1&Prime; custom_padding=\u00a0\u00bb33px||6px|||\u00a0\u00bb bottom_divider_style=\u00a0\u00bbarrow3&Prime; bottom_divider_color=\u00a0\u00bb#a1b8ca\u00a0\u00bb bottom_divider_height=\u00a0\u00bb60px\u00a0\u00bb][\/et_pb_section]<\/p>\n","protected":false},"excerpt":{"rendered":"<p>[et_pb_section fb_built=\u00a0\u00bb1&Prime; next_background_color=\u00a0\u00bb#ffffff\u00a0\u00bb admin_label=\u00a0\u00bbHero Section\u00a0\u00bb _builder_version=\u00a0\u00bb4.9.4&Prime; use_background_color_gradient=\u00a0\u00bbon\u00a0\u00bb background_color_gradient_start=\u00a0\u00bbrgba(244,240,233,0.9)\u00a0\u00bb background_color_gradient_end=\u00a0\u00bbrgba(244,240,233,0)\u00a0\u00bb background_color_gradient_direction=\u00a0\u00bb149deg\u00a0\u00bb background_color_gradient_start_position=\u00a0\u00bb30%\u00a0\u00bb background_color_gradient_overlays_image=\u00a0\u00bbon\u00a0\u00bb background_image=\u00a0\u00bbhttps:\/\/pompes-funebres-grosso.fr\/\/wp-content\/uploads\/2021\/01\/florist-12.jpg\u00a0\u00bb custom_margin=\u00a0\u00bb|||\u00a0\u00bb custom_padding=\u00a0\u00bb250px|0px|9px|0px||\u00a0\u00bb bottom_divider_style=\u00a0\u00bbasymmetric2&Prime; bottom_divider_height=\u00a0\u00bb80px\u00a0\u00bb][et_pb_row custom_padding_last_edited=\u00a0\u00bboff|desktop\u00a0\u00bb admin_label=\u00a0\u00bbHero Area\u00a0\u00bb _builder_version=\u00a0\u00bb3.25&Prime; width=\u00a0\u00bb83.3%\u00a0\u00bb custom_margin=\u00a0\u00bb-69px|auto|14px|auto||\u00a0\u00bb custom_padding=\u00a0\u00bb0px|0px|0px|0px||\u00a0\u00bb][et_pb_column type=\u00a0\u00bb4_4&Prime; _builder_version=\u00a0\u00bb3.25&Prime; custom_padding=\u00a0\u00bb|||\u00a0\u00bb custom_padding__hover=\u00a0\u00bb|||\u00a0\u00bb][et_pb_text admin_label=\u00a0\u00bbHero Title\u00a0\u00bb _builder_version=\u00a0\u00bb4.7.7&Prime; text_font=\u00a0\u00bbLato||||||||\u00a0\u00bb header_font=\u00a0\u00bbLato||||||||\u00a0\u00bb header_text_color=\u00a0\u00bb#435c75&Prime; header_font_size=\u00a0\u00bb35px\u00a0\u00bb header_2_font=\u00a0\u00bbLato||||||||\u00a0\u00bb header_2_text_color=\u00a0\u00bb#435c75&Prime; header_2_font_size=\u00a0\u00bb35px\u00a0\u00bb header_2_line_height=\u00a0\u00bb1.3em\u00a0\u00bb custom_margin=\u00a0\u00bb-117px||0px|||\u00a0\u00bb custom_padding=\u00a0\u00bb|||\u00a0\u00bb animation_style=\u00a0\u00bbslide\u00a0\u00bb animation_direction=\u00a0\u00bbleft\u00a0\u00bb animation_intensity_slide=\u00a0\u00bb5%\u00a0\u00bb animation_starting_opacity=\u00a0\u00bb100%\u00a0\u00bb text_font_size_last_edited=\u00a0\u00bboff|desktop\u00a0\u00bb] Mentions l\u00e9gales [\/et_pb_text][\/et_pb_column][\/et_pb_row][\/et_pb_section][et_pb_section fb_built=\u00a0\u00bb1&Prime; admin_label=\u00a0\u00bbAbout Us Section\u00a0\u00bb _builder_version=\u00a0\u00bb3.22&Prime; custom_padding=\u00a0\u00bb36px||0px|||\u00a0\u00bb][et_pb_row [&hellip;]<\/p>\n","protected":false},"author":1,"featured_media":0,"parent":0,"menu_order":0,"comment_status":"closed","ping_status":"closed","template":"","meta":{"_et_pb_use_builder":"on","_et_pb_old_content":"","_et_gb_content_width":"","footnotes":""},"class_list":["post-468","page","type-page","status-publish","hentry"],"yoast_head":"<!-- This site is optimized with the Yoast SEO plugin v26.0 - https:\/\/yoast.com\/wordpress\/plugins\/seo\/ -->\n<title>Mentions l\u00e9gales - Pompes Fun\u00e8bres Grosso<\/title>\n<meta name=\"robots\" content=\"index, follow, max-snippet:-1, max-image-preview:large, max-video-preview:-1\" \/>\n<link rel=\"canonical\" href=\"https:\/\/pompes-funebres-grosso.fr\/index.php\/mentions-legales\/\" \/>\n<meta property=\"og:locale\" content=\"fr_FR\" \/>\n<meta property=\"og:type\" content=\"article\" \/>\n<meta property=\"og:title\" content=\"Mentions l\u00e9gales - Pompes Fun\u00e8bres Grosso\" \/>\n<meta property=\"og:description\" content=\"[et_pb_section fb_built=\u00a0\u00bb1&Prime; next_background_color=\u00a0\u00bb#ffffff\u00a0\u00bb admin_label=\u00a0\u00bbHero Section\u00a0\u00bb _builder_version=\u00a0\u00bb4.9.4&Prime; use_background_color_gradient=\u00a0\u00bbon\u00a0\u00bb background_color_gradient_start=\u00a0\u00bbrgba(244,240,233,0.9)\u00a0\u00bb background_color_gradient_end=\u00a0\u00bbrgba(244,240,233,0)\u00a0\u00bb background_color_gradient_direction=\u00a0\u00bb149deg\u00a0\u00bb background_color_gradient_start_position=\u00a0\u00bb30%\u00a0\u00bb background_color_gradient_overlays_image=\u00a0\u00bbon\u00a0\u00bb background_image=\u00a0\u00bbhttps:\/\/pompes-funebres-grosso.fr\/\/wp-content\/uploads\/2021\/01\/florist-12.jpg\u00a0\u00bb custom_margin=\u00a0\u00bb|||\u00a0\u00bb custom_padding=\u00a0\u00bb250px|0px|9px|0px||\u00a0\u00bb bottom_divider_style=\u00a0\u00bbasymmetric2&Prime; bottom_divider_height=\u00a0\u00bb80px\u00a0\u00bb][et_pb_row custom_padding_last_edited=\u00a0\u00bboff|desktop\u00a0\u00bb admin_label=\u00a0\u00bbHero Area\u00a0\u00bb _builder_version=\u00a0\u00bb3.25&Prime; width=\u00a0\u00bb83.3%\u00a0\u00bb custom_margin=\u00a0\u00bb-69px|auto|14px|auto||\u00a0\u00bb custom_padding=\u00a0\u00bb0px|0px|0px|0px||\u00a0\u00bb][et_pb_column type=\u00a0\u00bb4_4&Prime; _builder_version=\u00a0\u00bb3.25&Prime; custom_padding=\u00a0\u00bb|||\u00a0\u00bb custom_padding__hover=\u00a0\u00bb|||\u00a0\u00bb][et_pb_text admin_label=\u00a0\u00bbHero Title\u00a0\u00bb _builder_version=\u00a0\u00bb4.7.7&Prime; text_font=\u00a0\u00bbLato||||||||\u00a0\u00bb header_font=\u00a0\u00bbLato||||||||\u00a0\u00bb header_text_color=\u00a0\u00bb#435c75&Prime; header_font_size=\u00a0\u00bb35px\u00a0\u00bb header_2_font=\u00a0\u00bbLato||||||||\u00a0\u00bb header_2_text_color=\u00a0\u00bb#435c75&Prime; header_2_font_size=\u00a0\u00bb35px\u00a0\u00bb header_2_line_height=\u00a0\u00bb1.3em\u00a0\u00bb custom_margin=\u00a0\u00bb-117px||0px|||\u00a0\u00bb custom_padding=\u00a0\u00bb|||\u00a0\u00bb animation_style=\u00a0\u00bbslide\u00a0\u00bb animation_direction=\u00a0\u00bbleft\u00a0\u00bb animation_intensity_slide=\u00a0\u00bb5%\u00a0\u00bb animation_starting_opacity=\u00a0\u00bb100%\u00a0\u00bb text_font_size_last_edited=\u00a0\u00bboff|desktop\u00a0\u00bb] Mentions l\u00e9gales [\/et_pb_text][\/et_pb_column][\/et_pb_row][\/et_pb_section][et_pb_section fb_built=\u00a0\u00bb1&Prime; admin_label=\u00a0\u00bbAbout Us Section\u00a0\u00bb _builder_version=\u00a0\u00bb3.22&Prime; custom_padding=\u00a0\u00bb36px||0px|||\u00a0\u00bb][et_pb_row [&hellip;]\" \/>\n<meta property=\"og:url\" content=\"https:\/\/pompes-funebres-grosso.fr\/index.php\/mentions-legales\/\" \/>\n<meta property=\"og:site_name\" content=\"Pompes Fun\u00e8bres Grosso\" \/>\n<meta property=\"article:modified_time\" content=\"2025-05-23T15:57:50+00:00\" \/>\n<meta name=\"twitter:card\" content=\"summary_large_image\" \/>\n<meta name=\"twitter:label1\" content=\"Dur\u00e9e de lecture estim\u00e9e\" \/>\n\t<meta name=\"twitter:data1\" content=\"7 minutes\" \/>\n<script type=\"application\/ld+json\" class=\"yoast-schema-graph\">{\"@context\":\"https:\/\/schema.org\",\"@graph\":[{\"@type\":\"WebPage\",\"@id\":\"https:\/\/pompes-funebres-grosso.fr\/index.php\/mentions-legales\/\",\"url\":\"https:\/\/pompes-funebres-grosso.fr\/index.php\/mentions-legales\/\",\"name\":\"Mentions l\u00e9gales - Pompes Fun\u00e8bres Grosso\",\"isPartOf\":{\"@id\":\"https:\/\/pompes-funebres-grosso.fr\/#website\"},\"datePublished\":\"2021-01-28T14:40:05+00:00\",\"dateModified\":\"2025-05-23T15:57:50+00:00\",\"breadcrumb\":{\"@id\":\"https:\/\/pompes-funebres-grosso.fr\/index.php\/mentions-legales\/#breadcrumb\"},\"inLanguage\":\"fr-FR\",\"potentialAction\":[{\"@type\":\"ReadAction\",\"target\":[\"https:\/\/pompes-funebres-grosso.fr\/index.php\/mentions-legales\/\"]}]},{\"@type\":\"BreadcrumbList\",\"@id\":\"https:\/\/pompes-funebres-grosso.fr\/index.php\/mentions-legales\/#breadcrumb\",\"itemListElement\":[{\"@type\":\"ListItem\",\"position\":1,\"name\":\"Accueil\",\"item\":\"https:\/\/pompes-funebres-grosso.fr\/\"},{\"@type\":\"ListItem\",\"position\":2,\"name\":\"Mentions l\u00e9gales\"}]},{\"@type\":\"WebSite\",\"@id\":\"https:\/\/pompes-funebres-grosso.fr\/#website\",\"url\":\"https:\/\/pompes-funebres-grosso.fr\/\",\"name\":\"Pompes Fun\u00e8bres Grosso\",\"description\":\"\u00c0 votre disposition 24h\/24 &amp; 7j\/7\",\"potentialAction\":[{\"@type\":\"SearchAction\",\"target\":{\"@type\":\"EntryPoint\",\"urlTemplate\":\"https:\/\/pompes-funebres-grosso.fr\/?s={search_term_string}\"},\"query-input\":{\"@type\":\"PropertyValueSpecification\",\"valueRequired\":true,\"valueName\":\"search_term_string\"}}],\"inLanguage\":\"fr-FR\"}]}<\/script>\n<!-- \/ Yoast SEO plugin. -->","yoast_head_json":{"title":"Mentions l\u00e9gales - Pompes Fun\u00e8bres Grosso","robots":{"index":"index","follow":"follow","max-snippet":"max-snippet:-1","max-image-preview":"max-image-preview:large","max-video-preview":"max-video-preview:-1"},"canonical":"https:\/\/pompes-funebres-grosso.fr\/index.php\/mentions-legales\/","og_locale":"fr_FR","og_type":"article","og_title":"Mentions l\u00e9gales - Pompes Fun\u00e8bres Grosso","og_description":"[et_pb_section fb_built=\u00a0\u00bb1&Prime; next_background_color=\u00a0\u00bb#ffffff\u00a0\u00bb admin_label=\u00a0\u00bbHero Section\u00a0\u00bb _builder_version=\u00a0\u00bb4.9.4&Prime; use_background_color_gradient=\u00a0\u00bbon\u00a0\u00bb background_color_gradient_start=\u00a0\u00bbrgba(244,240,233,0.9)\u00a0\u00bb background_color_gradient_end=\u00a0\u00bbrgba(244,240,233,0)\u00a0\u00bb background_color_gradient_direction=\u00a0\u00bb149deg\u00a0\u00bb background_color_gradient_start_position=\u00a0\u00bb30%\u00a0\u00bb background_color_gradient_overlays_image=\u00a0\u00bbon\u00a0\u00bb background_image=\u00a0\u00bbhttps:\/\/pompes-funebres-grosso.fr\/\/wp-content\/uploads\/2021\/01\/florist-12.jpg\u00a0\u00bb custom_margin=\u00a0\u00bb|||\u00a0\u00bb custom_padding=\u00a0\u00bb250px|0px|9px|0px||\u00a0\u00bb bottom_divider_style=\u00a0\u00bbasymmetric2&Prime; bottom_divider_height=\u00a0\u00bb80px\u00a0\u00bb][et_pb_row custom_padding_last_edited=\u00a0\u00bboff|desktop\u00a0\u00bb admin_label=\u00a0\u00bbHero Area\u00a0\u00bb _builder_version=\u00a0\u00bb3.25&Prime; width=\u00a0\u00bb83.3%\u00a0\u00bb custom_margin=\u00a0\u00bb-69px|auto|14px|auto||\u00a0\u00bb custom_padding=\u00a0\u00bb0px|0px|0px|0px||\u00a0\u00bb][et_pb_column type=\u00a0\u00bb4_4&Prime; _builder_version=\u00a0\u00bb3.25&Prime; custom_padding=\u00a0\u00bb|||\u00a0\u00bb custom_padding__hover=\u00a0\u00bb|||\u00a0\u00bb][et_pb_text admin_label=\u00a0\u00bbHero Title\u00a0\u00bb _builder_version=\u00a0\u00bb4.7.7&Prime; text_font=\u00a0\u00bbLato||||||||\u00a0\u00bb header_font=\u00a0\u00bbLato||||||||\u00a0\u00bb header_text_color=\u00a0\u00bb#435c75&Prime; header_font_size=\u00a0\u00bb35px\u00a0\u00bb header_2_font=\u00a0\u00bbLato||||||||\u00a0\u00bb header_2_text_color=\u00a0\u00bb#435c75&Prime; header_2_font_size=\u00a0\u00bb35px\u00a0\u00bb header_2_line_height=\u00a0\u00bb1.3em\u00a0\u00bb custom_margin=\u00a0\u00bb-117px||0px|||\u00a0\u00bb custom_padding=\u00a0\u00bb|||\u00a0\u00bb animation_style=\u00a0\u00bbslide\u00a0\u00bb animation_direction=\u00a0\u00bbleft\u00a0\u00bb animation_intensity_slide=\u00a0\u00bb5%\u00a0\u00bb animation_starting_opacity=\u00a0\u00bb100%\u00a0\u00bb text_font_size_last_edited=\u00a0\u00bboff|desktop\u00a0\u00bb] Mentions l\u00e9gales [\/et_pb_text][\/et_pb_column][\/et_pb_row][\/et_pb_section][et_pb_section fb_built=\u00a0\u00bb1&Prime; admin_label=\u00a0\u00bbAbout Us Section\u00a0\u00bb _builder_version=\u00a0\u00bb3.22&Prime; custom_padding=\u00a0\u00bb36px||0px|||\u00a0\u00bb][et_pb_row [&hellip;]","og_url":"https:\/\/pompes-funebres-grosso.fr\/index.php\/mentions-legales\/","og_site_name":"Pompes Fun\u00e8bres Grosso","article_modified_time":"2025-05-23T15:57:50+00:00","twitter_card":"summary_large_image","twitter_misc":{"Dur\u00e9e de lecture estim\u00e9e":"7 minutes"},"schema":{"@context":"https:\/\/schema.org","@graph":[{"@type":"WebPage","@id":"https:\/\/pompes-funebres-grosso.fr\/index.php\/mentions-legales\/","url":"https:\/\/pompes-funebres-grosso.fr\/index.php\/mentions-legales\/","name":"Mentions l\u00e9gales - Pompes Fun\u00e8bres Grosso","isPartOf":{"@id":"https:\/\/pompes-funebres-grosso.fr\/#website"},"datePublished":"2021-01-28T14:40:05+00:00","dateModified":"2025-05-23T15:57:50+00:00","breadcrumb":{"@id":"https:\/\/pompes-funebres-grosso.fr\/index.php\/mentions-legales\/#breadcrumb"},"inLanguage":"fr-FR","potentialAction":[{"@type":"ReadAction","target":["https:\/\/pompes-funebres-grosso.fr\/index.php\/mentions-legales\/"]}]},{"@type":"BreadcrumbList","@id":"https:\/\/pompes-funebres-grosso.fr\/index.php\/mentions-legales\/#breadcrumb","itemListElement":[{"@type":"ListItem","position":1,"name":"Accueil","item":"https:\/\/pompes-funebres-grosso.fr\/"},{"@type":"ListItem","position":2,"name":"Mentions l\u00e9gales"}]},{"@type":"WebSite","@id":"https:\/\/pompes-funebres-grosso.fr\/#website","url":"https:\/\/pompes-funebres-grosso.fr\/","name":"Pompes Fun\u00e8bres Grosso","description":"\u00c0 votre disposition 24h\/24 &amp; 7j\/7","potentialAction":[{"@type":"SearchAction","target":{"@type":"EntryPoint","urlTemplate":"https:\/\/pompes-funebres-grosso.fr\/?s={search_term_string}"},"query-input":{"@type":"PropertyValueSpecification","valueRequired":true,"valueName":"search_term_string"}}],"inLanguage":"fr-FR"}]}},"_links":{"self":[{"href":"https:\/\/pompes-funebres-grosso.fr\/index.php\/wp-json\/wp\/v2\/pages\/468","targetHints":{"allow":["GET"]}}],"collection":[{"href":"https:\/\/pompes-funebres-grosso.fr\/index.php\/wp-json\/wp\/v2\/pages"}],"about":[{"href":"https:\/\/pompes-funebres-grosso.fr\/index.php\/wp-json\/wp\/v2\/types\/page"}],"author":[{"embeddable":true,"href":"https:\/\/pompes-funebres-grosso.fr\/index.php\/wp-json\/wp\/v2\/users\/1"}],"replies":[{"embeddable":true,"href":"https:\/\/pompes-funebres-grosso.fr\/index.php\/wp-json\/wp\/v2\/comments?post=468"}],"version-history":[{"count":18,"href":"https:\/\/pompes-funebres-grosso.fr\/index.php\/wp-json\/wp\/v2\/pages\/468\/revisions"}],"predecessor-version":[{"id":3702,"href":"https:\/\/pompes-funebres-grosso.fr\/index.php\/wp-json\/wp\/v2\/pages\/468\/revisions\/3702"}],"wp:attachment":[{"href":"https:\/\/pompes-funebres-grosso.fr\/index.php\/wp-json\/wp\/v2\/media?parent=468"}],"curies":[{"name":"wp","href":"https:\/\/api.w.org\/{rel}","templated":true}]}}