{"id":496,"date":"2021-02-08T18:46:05","date_gmt":"2021-02-08T18:46:05","guid":{"rendered":"https:\/\/maquette.pompes-funebres-grosso.fr\/?page_id=496"},"modified":"2025-09-30T14:31:33","modified_gmt":"2025-09-30T14:31:33","slug":"anciens-avis-de-deces-pompes-funebres-grosso","status":"publish","type":"page","link":"https:\/\/pompes-funebres-grosso.fr\/index.php\/anciens-avis-de-deces-pompes-funebres-grosso\/","title":{"rendered":"Avis de d\u00e9c\u00e8s"},"content":{"rendered":"<p>[et_pb_section fb_built=\u00a0\u00bb1&Prime; next_background_color=\u00a0\u00bb#ffffff\u00a0\u00bb admin_label=\u00a0\u00bbHero Section\u00a0\u00bb _builder_version=\u00a0\u00bb4.8.2&Prime; use_background_color_gradient=\u00a0\u00bbon\u00a0\u00bb background_color_gradient_start=\u00a0\u00bbrgba(244,240,233,0.9)\u00a0\u00bb background_color_gradient_end=\u00a0\u00bbrgba(244,240,233,0)\u00a0\u00bb background_color_gradient_direction=\u00a0\u00bb90deg\u00a0\u00bb background_color_gradient_start_position=\u00a0\u00bb30%\u00a0\u00bb background_color_gradient_overlays_image=\u00a0\u00bbon\u00a0\u00bb background_image=\u00a0\u00bbhttps:\/\/pompes-funebres-grosso.fr\/\/wp-content\/uploads\/2021\/03\/funerarium-grosso-vue-exterieure.jpg\u00a0\u00bb background_position=\u00a0\u00bbcenter_right\u00a0\u00bb custom_margin=\u00a0\u00bb|||\u00a0\u00bb custom_padding=\u00a0\u00bb274px|0px|155px|0px||\u00a0\u00bb bottom_divider_style=\u00a0\u00bbasymmetric2&Prime; bottom_divider_height=\u00a0\u00bb80px\u00a0\u00bb locked=\u00a0\u00bboff\u00a0\u00bb][et_pb_row custom_padding_last_edited=\u00a0\u00bboff|desktop\u00a0\u00bb admin_label=\u00a0\u00bbHero Area\u00a0\u00bb _builder_version=\u00a0\u00bb3.25&Prime; width=\u00a0\u00bb83.3%\u00a0\u00bb custom_margin=\u00a0\u00bb-69px|auto|83px|auto||\u00a0\u00bb custom_padding=\u00a0\u00bb0px|0px|0px|0px||\u00a0\u00bb][et_pb_column type=\u00a0\u00bb4_4&Prime; _builder_version=\u00a0\u00bb3.25&Prime; custom_padding=\u00a0\u00bb|||\u00a0\u00bb custom_padding__hover=\u00a0\u00bb|||\u00a0\u00bb][et_pb_text admin_label=\u00a0\u00bbHero Title\u00a0\u00bb _builder_version=\u00a0\u00bb4.7.7&Prime; text_font=\u00a0\u00bbLato||||||||\u00a0\u00bb header_font=\u00a0\u00bb||||||||\u00a0\u00bb header_text_color=\u00a0\u00bb#435c75&Prime; header_font_size=\u00a0\u00bb35px\u00a0\u00bb header_2_font=\u00a0\u00bbLato||||||||\u00a0\u00bb header_2_text_color=\u00a0\u00bb#435c75&Prime; header_2_font_size=\u00a0\u00bb35px\u00a0\u00bb header_2_line_height=\u00a0\u00bb1.3em\u00a0\u00bb custom_margin=\u00a0\u00bb-130px||0px|||\u00a0\u00bb custom_padding=\u00a0\u00bb|||\u00a0\u00bb animation_style=\u00a0\u00bbslide\u00a0\u00bb animation_direction=\u00a0\u00bbleft\u00a0\u00bb animation_intensity_slide=\u00a0\u00bb5%\u00a0\u00bb animation_starting_opacity=\u00a0\u00bb100%\u00a0\u00bb text_font_size_last_edited=\u00a0\u00bboff|desktop\u00a0\u00bb]<\/p>\n<h1>Fun\u00e9rarium Grosso \u00e0 Morteau<\/h1>\n<p>[\/et_pb_text][et_pb_text _builder_version=\u00a0\u00bb4.7.7&Prime; text_font=\u00a0\u00bbLato||||||||\u00a0\u00bb text_font_size=\u00a0\u00bb19px\u00a0\u00bb header_font=\u00a0\u00bb||||||||\u00a0\u00bb header_2_font=\u00a0\u00bbLato||||||||\u00a0\u00bb header_2_text_color=\u00a0\u00bb#435c75&Prime; header_2_font_size=\u00a0\u00bb35px\u00a0\u00bb header_2_line_height=\u00a0\u00bb1.3em\u00a0\u00bb max_width=\u00a0\u00bb500px\u00a0\u00bb custom_margin=\u00a0\u00bb|||\u00a0\u00bb custom_padding=\u00a0\u00bb||10px|\u00a0\u00bb animation_style=\u00a0\u00bbslide\u00a0\u00bb animation_direction=\u00a0\u00bbleft\u00a0\u00bb animation_intensity_slide=\u00a0\u00bb5%\u00a0\u00bb animation_starting_opacity=\u00a0\u00bb100%\u00a0\u00bb]<\/p>\n<p><em>Rendez un dernier hommage \u00e0 l&rsquo;\u00eatre aim\u00e9 et retrouvez-vous en famille, avec vos amis, vos proches en tout intimit\u00e9 et s\u00e9r\u00e9nit\u00e9.<\/em><\/p>\n<p>[\/et_pb_text][\/et_pb_column][\/et_pb_row][\/et_pb_section][et_pb_section fb_built=\u00a0\u00bb1&Prime; _builder_version=\u00a0\u00bb3.22&Prime;][et_pb_row _builder_version=\u00a0\u00bb3.25&Prime; background_size=\u00a0\u00bbinitial\u00a0\u00bb background_position=\u00a0\u00bbtop_left\u00a0\u00bb background_repeat=\u00a0\u00bbrepeat\u00a0\u00bb][et_pb_column type=\u00a0\u00bb4_4&Prime; _builder_version=\u00a0\u00bb3.25&Prime; custom_padding=\u00a0\u00bb|||\u00a0\u00bb custom_padding__hover=\u00a0\u00bb|||\u00a0\u00bb][et_pb_code _builder_version=\u00a0\u00bb4.9.4&Prime; _module_preset=\u00a0\u00bbdefault\u00a0\u00bb]<iframe loading=\"lazy\" id=\"iframe-avis-deces\" src=\"https:\/\/deceased-iframe-service.obseques-en-france.com\/listes-avis-deces\/249\/1\" width=\"100%\" height=\"800px\" frameborder=\"0\" sandbox=\"allow-scripts allow-forms allow-top-navigation allow-same-origin\"><\/iframe><!-- [et_pb_line_break_holder] --><script src=\"https:\/\/ajax.googleapis.com\/ajax\/libs\/jquery\/1.11.0\/jquery.min.js\"><\/script> <!-- Chargement de jQuery --><!-- [et_pb_line_break_holder] --><script type=\"text\/javascript\" src=\"https:\/\/www.pompes-funebres-grosso.fr\/iframeResizer.min.js\"><\/script> <!-- Chargement de la biblioth!que iframeResizer \u00e0 t\u00e9l\u00e9charger en suivant le lien https:\/\/raw.githubusercontent.com\/davidjbradshaw\/iframe-resizer\/master\/js\/ iframeResizer.min.js --><!-- [et_pb_line_break_holder] --><script type=\"text\/javascript\"><!-- [et_pb_line_break_holder] -->jQuery(document).ready(function(){<!-- [et_pb_line_break_holder] -->\tjQuery('#iframe-avis-deces').iFrameResize({<!-- [et_pb_line_break_holder] -->\t\tautoResize: true,<!-- [et_pb_line_break_holder] -->\t\tcheckOrigin: false,<!-- [et_pb_line_break_holder] -->\t\tinPageLinks: true,<!-- [et_pb_line_break_holder] -->\t\tmessageCallback: function(messageData){ \/\/ Callback fn when message is received<!-- [et_pb_line_break_holder] -->\t\t\turl = messageData.message;<!-- [et_pb_line_break_holder] -->\t\t\twindow.open(url);<!-- [et_pb_line_break_holder] -->\t\t},<!-- [et_pb_line_break_holder] -->\t});<!-- [et_pb_line_break_holder] -->})<!-- [et_pb_line_break_holder] --><\/script><!-- [et_pb_line_break_holder] --><!-- [et_pb_line_break_holder] --><!-- <script src=\"https:\/\/www.avis-de-deces.net\/iframe\/init.js?key=grosso\"><\/script> --><!-- [et_pb_line_break_holder] --><!--<!-- [et_pb_line_break_holder] --><\/p>\n<div id=\"container_aviscom\">Iframe Aviscom<\/div>\n<p><!-- [et_pb_line_break_holder] -->&#8211;>[\/et_pb_code][\/et_pb_column][\/et_pb_row][\/et_pb_section]<\/p>\n","protected":false},"excerpt":{"rendered":"<p>[et_pb_section fb_built=\u00a0\u00bb1&Prime; next_background_color=\u00a0\u00bb#ffffff\u00a0\u00bb admin_label=\u00a0\u00bbHero Section\u00a0\u00bb _builder_version=\u00a0\u00bb4.8.2&Prime; use_background_color_gradient=\u00a0\u00bbon\u00a0\u00bb background_color_gradient_start=\u00a0\u00bbrgba(244,240,233,0.9)\u00a0\u00bb background_color_gradient_end=\u00a0\u00bbrgba(244,240,233,0)\u00a0\u00bb background_color_gradient_direction=\u00a0\u00bb90deg\u00a0\u00bb background_color_gradient_start_position=\u00a0\u00bb30%\u00a0\u00bb background_color_gradient_overlays_image=\u00a0\u00bbon\u00a0\u00bb background_image=\u00a0\u00bbhttps:\/\/pompes-funebres-grosso.fr\/\/wp-content\/uploads\/2021\/03\/funerarium-grosso-vue-exterieure.jpg\u00a0\u00bb background_position=\u00a0\u00bbcenter_right\u00a0\u00bb custom_margin=\u00a0\u00bb|||\u00a0\u00bb custom_padding=\u00a0\u00bb274px|0px|155px|0px||\u00a0\u00bb bottom_divider_style=\u00a0\u00bbasymmetric2&Prime; bottom_divider_height=\u00a0\u00bb80px\u00a0\u00bb locked=\u00a0\u00bboff\u00a0\u00bb][et_pb_row custom_padding_last_edited=\u00a0\u00bboff|desktop\u00a0\u00bb admin_label=\u00a0\u00bbHero Area\u00a0\u00bb _builder_version=\u00a0\u00bb3.25&Prime; width=\u00a0\u00bb83.3%\u00a0\u00bb custom_margin=\u00a0\u00bb-69px|auto|83px|auto||\u00a0\u00bb custom_padding=\u00a0\u00bb0px|0px|0px|0px||\u00a0\u00bb][et_pb_column type=\u00a0\u00bb4_4&Prime; _builder_version=\u00a0\u00bb3.25&Prime; custom_padding=\u00a0\u00bb|||\u00a0\u00bb custom_padding__hover=\u00a0\u00bb|||\u00a0\u00bb][et_pb_text admin_label=\u00a0\u00bbHero Title\u00a0\u00bb _builder_version=\u00a0\u00bb4.7.7&Prime; text_font=\u00a0\u00bbLato||||||||\u00a0\u00bb header_font=\u00a0\u00bb||||||||\u00a0\u00bb header_text_color=\u00a0\u00bb#435c75&Prime; header_font_size=\u00a0\u00bb35px\u00a0\u00bb header_2_font=\u00a0\u00bbLato||||||||\u00a0\u00bb header_2_text_color=\u00a0\u00bb#435c75&Prime; header_2_font_size=\u00a0\u00bb35px\u00a0\u00bb header_2_line_height=\u00a0\u00bb1.3em\u00a0\u00bb custom_margin=\u00a0\u00bb-130px||0px|||\u00a0\u00bb custom_padding=\u00a0\u00bb|||\u00a0\u00bb animation_style=\u00a0\u00bbslide\u00a0\u00bb animation_direction=\u00a0\u00bbleft\u00a0\u00bb animation_intensity_slide=\u00a0\u00bb5%\u00a0\u00bb animation_starting_opacity=\u00a0\u00bb100%\u00a0\u00bb text_font_size_last_edited=\u00a0\u00bboff|desktop\u00a0\u00bb] Fun\u00e9rarium Grosso \u00e0 Morteau [\/et_pb_text][et_pb_text _builder_version=\u00a0\u00bb4.7.7&Prime; text_font=\u00a0\u00bbLato||||||||\u00a0\u00bb [&hellip;]<\/p>\n","protected":false},"author":1,"featured_media":0,"parent":0,"menu_order":0,"comment_status":"closed","ping_status":"closed","template":"","meta":{"_et_pb_use_builder":"on","_et_pb_old_content":"<iframe id=\"iframe-avis-deces\" src=\"https:\/\/deceased-iframe-service.obseques-en-france.com\/listes-avis-deces\/249\/1\" width=\"100%\" height=\"800px\" frameborder=\"0\" sandbox=\"allow-scripts allow-forms allow-top-navigation allow-same-origin\"><\/iframe>\r\n<script src=\"http:\/\/ajax.googleapis.com\/ajax\/libs\/jquery\/1.11.0\/jquery.min.js\"><\/script> <!-- Chargement de jQuery -->\r\n<script type=\"text\/javascript\" src=\"https:\/\/www.pompes-funebres-grosso.fr\/iframeResizer.min.js\"><\/script> <!-- Chargement de la biblioth!que iframeResizer \u00e0 t\u00e9l\u00e9charger en suivant le lien https:\/\/raw.githubusercontent.com\/davidjbradshaw\/iframe-resizer\/master\/js\/ iframeResizer.min.js -->\r\n<script type=\"text\/javascript\">\r\n$(document).ready(function(){\r\n\r\n\t$('#iframe-avis').iFrameResize({\r\n\t\tautoResize: true,\r\n\t\tcheckOrigin: false,\r\n\t\tinPageLinks: true,\r\n\t\tmessageCallback         : function(messageData){ \/\/ Callback fn when message is received\r\n\t\t\turl = messageData.message;\r\n\t\t\twindow.open(url);\r\n\t\t\t\r\n\t\t},\r\n\t});\r\n})\r\n<\/script>\r\n\r\n<!-- <script src=\"https:\/\/www.avis-de-deces.net\/iframe\/init.js?key=grosso\"><\/script> -->\r\n<!--\r\n<div id=\"container_aviscom\">Iframe Aviscom<\/div>\r\n-->","_et_gb_content_width":"","footnotes":""},"class_list":["post-496","page","type-page","status-publish","hentry"],"yoast_head":"<!-- This site is optimized with the Yoast SEO plugin v26.0 - https:\/\/yoast.com\/wordpress\/plugins\/seo\/ -->\n<title>Avis de d\u00e9c\u00e8s - Pompes Fun\u00e8bres Grosso<\/title>\n<meta name=\"robots\" content=\"noindex, nofollow\" \/>\n<meta property=\"og:locale\" content=\"fr_FR\" \/>\n<meta property=\"og:type\" content=\"article\" \/>\n<meta property=\"og:title\" content=\"Avis de d\u00e9c\u00e8s - Pompes Fun\u00e8bres Grosso\" \/>\n<meta property=\"og:description\" content=\"[et_pb_section fb_built=\u00a0\u00bb1&Prime; next_background_color=\u00a0\u00bb#ffffff\u00a0\u00bb admin_label=\u00a0\u00bbHero Section\u00a0\u00bb _builder_version=\u00a0\u00bb4.8.2&Prime; use_background_color_gradient=\u00a0\u00bbon\u00a0\u00bb background_color_gradient_start=\u00a0\u00bbrgba(244,240,233,0.9)\u00a0\u00bb background_color_gradient_end=\u00a0\u00bbrgba(244,240,233,0)\u00a0\u00bb background_color_gradient_direction=\u00a0\u00bb90deg\u00a0\u00bb background_color_gradient_start_position=\u00a0\u00bb30%\u00a0\u00bb background_color_gradient_overlays_image=\u00a0\u00bbon\u00a0\u00bb background_image=\u00a0\u00bbhttps:\/\/pompes-funebres-grosso.fr\/\/wp-content\/uploads\/2021\/03\/funerarium-grosso-vue-exterieure.jpg\u00a0\u00bb background_position=\u00a0\u00bbcenter_right\u00a0\u00bb custom_margin=\u00a0\u00bb|||\u00a0\u00bb custom_padding=\u00a0\u00bb274px|0px|155px|0px||\u00a0\u00bb bottom_divider_style=\u00a0\u00bbasymmetric2&Prime; bottom_divider_height=\u00a0\u00bb80px\u00a0\u00bb locked=\u00a0\u00bboff\u00a0\u00bb][et_pb_row custom_padding_last_edited=\u00a0\u00bboff|desktop\u00a0\u00bb admin_label=\u00a0\u00bbHero Area\u00a0\u00bb _builder_version=\u00a0\u00bb3.25&Prime; width=\u00a0\u00bb83.3%\u00a0\u00bb custom_margin=\u00a0\u00bb-69px|auto|83px|auto||\u00a0\u00bb custom_padding=\u00a0\u00bb0px|0px|0px|0px||\u00a0\u00bb][et_pb_column type=\u00a0\u00bb4_4&Prime; _builder_version=\u00a0\u00bb3.25&Prime; custom_padding=\u00a0\u00bb|||\u00a0\u00bb custom_padding__hover=\u00a0\u00bb|||\u00a0\u00bb][et_pb_text admin_label=\u00a0\u00bbHero Title\u00a0\u00bb _builder_version=\u00a0\u00bb4.7.7&Prime; text_font=\u00a0\u00bbLato||||||||\u00a0\u00bb header_font=\u00a0\u00bb||||||||\u00a0\u00bb header_text_color=\u00a0\u00bb#435c75&Prime; header_font_size=\u00a0\u00bb35px\u00a0\u00bb header_2_font=\u00a0\u00bbLato||||||||\u00a0\u00bb header_2_text_color=\u00a0\u00bb#435c75&Prime; header_2_font_size=\u00a0\u00bb35px\u00a0\u00bb header_2_line_height=\u00a0\u00bb1.3em\u00a0\u00bb custom_margin=\u00a0\u00bb-130px||0px|||\u00a0\u00bb custom_padding=\u00a0\u00bb|||\u00a0\u00bb animation_style=\u00a0\u00bbslide\u00a0\u00bb animation_direction=\u00a0\u00bbleft\u00a0\u00bb animation_intensity_slide=\u00a0\u00bb5%\u00a0\u00bb animation_starting_opacity=\u00a0\u00bb100%\u00a0\u00bb text_font_size_last_edited=\u00a0\u00bboff|desktop\u00a0\u00bb] Fun\u00e9rarium Grosso \u00e0 Morteau [\/et_pb_text][et_pb_text _builder_version=\u00a0\u00bb4.7.7&Prime; text_font=\u00a0\u00bbLato||||||||\u00a0\u00bb [&hellip;]\" \/>\n<meta property=\"og:url\" content=\"https:\/\/pompes-funebres-grosso.fr\/index.php\/anciens-avis-de-deces-pompes-funebres-grosso\/\" \/>\n<meta property=\"og:site_name\" content=\"Pompes Fun\u00e8bres Grosso\" \/>\n<meta property=\"article:modified_time\" content=\"2025-09-30T14:31:33+00:00\" \/>\n<meta name=\"twitter:card\" content=\"summary_large_image\" \/>\n<meta name=\"twitter:label1\" content=\"Dur\u00e9e de lecture estim\u00e9e\" \/>\n\t<meta name=\"twitter:data1\" content=\"1 minute\" \/>\n<script type=\"application\/ld+json\" class=\"yoast-schema-graph\">{\"@context\":\"https:\/\/schema.org\",\"@graph\":[{\"@type\":\"WebPage\",\"@id\":\"https:\/\/pompes-funebres-grosso.fr\/index.php\/anciens-avis-de-deces-pompes-funebres-grosso\/\",\"url\":\"https:\/\/pompes-funebres-grosso.fr\/index.php\/anciens-avis-de-deces-pompes-funebres-grosso\/\",\"name\":\"Avis de d\u00e9c\u00e8s - Pompes Fun\u00e8bres Grosso\",\"isPartOf\":{\"@id\":\"https:\/\/pompes-funebres-grosso.fr\/#website\"},\"datePublished\":\"2021-02-08T18:46:05+00:00\",\"dateModified\":\"2025-09-30T14:31:33+00:00\",\"breadcrumb\":{\"@id\":\"https:\/\/pompes-funebres-grosso.fr\/index.php\/anciens-avis-de-deces-pompes-funebres-grosso\/#breadcrumb\"},\"inLanguage\":\"fr-FR\",\"potentialAction\":[{\"@type\":\"ReadAction\",\"target\":[\"https:\/\/pompes-funebres-grosso.fr\/index.php\/anciens-avis-de-deces-pompes-funebres-grosso\/\"]}]},{\"@type\":\"BreadcrumbList\",\"@id\":\"https:\/\/pompes-funebres-grosso.fr\/index.php\/anciens-avis-de-deces-pompes-funebres-grosso\/#breadcrumb\",\"itemListElement\":[{\"@type\":\"ListItem\",\"position\":1,\"name\":\"Accueil\",\"item\":\"https:\/\/pompes-funebres-grosso.fr\/\"},{\"@type\":\"ListItem\",\"position\":2,\"name\":\"Avis de d\u00e9c\u00e8s\"}]},{\"@type\":\"WebSite\",\"@id\":\"https:\/\/pompes-funebres-grosso.fr\/#website\",\"url\":\"https:\/\/pompes-funebres-grosso.fr\/\",\"name\":\"Pompes Fun\u00e8bres Grosso\",\"description\":\"\u00c0 votre disposition 24h\/24 &amp; 7j\/7\",\"potentialAction\":[{\"@type\":\"SearchAction\",\"target\":{\"@type\":\"EntryPoint\",\"urlTemplate\":\"https:\/\/pompes-funebres-grosso.fr\/?s={search_term_string}\"},\"query-input\":{\"@type\":\"PropertyValueSpecification\",\"valueRequired\":true,\"valueName\":\"search_term_string\"}}],\"inLanguage\":\"fr-FR\"}]}<\/script>\n<!-- \/ Yoast SEO plugin. -->","yoast_head_json":{"title":"Avis de d\u00e9c\u00e8s - Pompes Fun\u00e8bres Grosso","robots":{"index":"noindex","follow":"nofollow"},"og_locale":"fr_FR","og_type":"article","og_title":"Avis de d\u00e9c\u00e8s - Pompes Fun\u00e8bres Grosso","og_description":"[et_pb_section fb_built=\u00a0\u00bb1&Prime; next_background_color=\u00a0\u00bb#ffffff\u00a0\u00bb admin_label=\u00a0\u00bbHero Section\u00a0\u00bb _builder_version=\u00a0\u00bb4.8.2&Prime; use_background_color_gradient=\u00a0\u00bbon\u00a0\u00bb background_color_gradient_start=\u00a0\u00bbrgba(244,240,233,0.9)\u00a0\u00bb background_color_gradient_end=\u00a0\u00bbrgba(244,240,233,0)\u00a0\u00bb background_color_gradient_direction=\u00a0\u00bb90deg\u00a0\u00bb background_color_gradient_start_position=\u00a0\u00bb30%\u00a0\u00bb background_color_gradient_overlays_image=\u00a0\u00bbon\u00a0\u00bb background_image=\u00a0\u00bbhttps:\/\/pompes-funebres-grosso.fr\/\/wp-content\/uploads\/2021\/03\/funerarium-grosso-vue-exterieure.jpg\u00a0\u00bb background_position=\u00a0\u00bbcenter_right\u00a0\u00bb custom_margin=\u00a0\u00bb|||\u00a0\u00bb custom_padding=\u00a0\u00bb274px|0px|155px|0px||\u00a0\u00bb bottom_divider_style=\u00a0\u00bbasymmetric2&Prime; bottom_divider_height=\u00a0\u00bb80px\u00a0\u00bb locked=\u00a0\u00bboff\u00a0\u00bb][et_pb_row custom_padding_last_edited=\u00a0\u00bboff|desktop\u00a0\u00bb admin_label=\u00a0\u00bbHero Area\u00a0\u00bb _builder_version=\u00a0\u00bb3.25&Prime; width=\u00a0\u00bb83.3%\u00a0\u00bb custom_margin=\u00a0\u00bb-69px|auto|83px|auto||\u00a0\u00bb custom_padding=\u00a0\u00bb0px|0px|0px|0px||\u00a0\u00bb][et_pb_column type=\u00a0\u00bb4_4&Prime; _builder_version=\u00a0\u00bb3.25&Prime; custom_padding=\u00a0\u00bb|||\u00a0\u00bb custom_padding__hover=\u00a0\u00bb|||\u00a0\u00bb][et_pb_text admin_label=\u00a0\u00bbHero Title\u00a0\u00bb _builder_version=\u00a0\u00bb4.7.7&Prime; text_font=\u00a0\u00bbLato||||||||\u00a0\u00bb header_font=\u00a0\u00bb||||||||\u00a0\u00bb header_text_color=\u00a0\u00bb#435c75&Prime; header_font_size=\u00a0\u00bb35px\u00a0\u00bb header_2_font=\u00a0\u00bbLato||||||||\u00a0\u00bb header_2_text_color=\u00a0\u00bb#435c75&Prime; header_2_font_size=\u00a0\u00bb35px\u00a0\u00bb header_2_line_height=\u00a0\u00bb1.3em\u00a0\u00bb custom_margin=\u00a0\u00bb-130px||0px|||\u00a0\u00bb custom_padding=\u00a0\u00bb|||\u00a0\u00bb animation_style=\u00a0\u00bbslide\u00a0\u00bb animation_direction=\u00a0\u00bbleft\u00a0\u00bb animation_intensity_slide=\u00a0\u00bb5%\u00a0\u00bb animation_starting_opacity=\u00a0\u00bb100%\u00a0\u00bb text_font_size_last_edited=\u00a0\u00bboff|desktop\u00a0\u00bb] Fun\u00e9rarium Grosso \u00e0 Morteau [\/et_pb_text][et_pb_text _builder_version=\u00a0\u00bb4.7.7&Prime; text_font=\u00a0\u00bbLato||||||||\u00a0\u00bb [&hellip;]","og_url":"https:\/\/pompes-funebres-grosso.fr\/index.php\/anciens-avis-de-deces-pompes-funebres-grosso\/","og_site_name":"Pompes Fun\u00e8bres Grosso","article_modified_time":"2025-09-30T14:31:33+00:00","twitter_card":"summary_large_image","twitter_misc":{"Dur\u00e9e de lecture estim\u00e9e":"1 minute"},"schema":{"@context":"https:\/\/schema.org","@graph":[{"@type":"WebPage","@id":"https:\/\/pompes-funebres-grosso.fr\/index.php\/anciens-avis-de-deces-pompes-funebres-grosso\/","url":"https:\/\/pompes-funebres-grosso.fr\/index.php\/anciens-avis-de-deces-pompes-funebres-grosso\/","name":"Avis de d\u00e9c\u00e8s - Pompes Fun\u00e8bres Grosso","isPartOf":{"@id":"https:\/\/pompes-funebres-grosso.fr\/#website"},"datePublished":"2021-02-08T18:46:05+00:00","dateModified":"2025-09-30T14:31:33+00:00","breadcrumb":{"@id":"https:\/\/pompes-funebres-grosso.fr\/index.php\/anciens-avis-de-deces-pompes-funebres-grosso\/#breadcrumb"},"inLanguage":"fr-FR","potentialAction":[{"@type":"ReadAction","target":["https:\/\/pompes-funebres-grosso.fr\/index.php\/anciens-avis-de-deces-pompes-funebres-grosso\/"]}]},{"@type":"BreadcrumbList","@id":"https:\/\/pompes-funebres-grosso.fr\/index.php\/anciens-avis-de-deces-pompes-funebres-grosso\/#breadcrumb","itemListElement":[{"@type":"ListItem","position":1,"name":"Accueil","item":"https:\/\/pompes-funebres-grosso.fr\/"},{"@type":"ListItem","position":2,"name":"Avis de d\u00e9c\u00e8s"}]},{"@type":"WebSite","@id":"https:\/\/pompes-funebres-grosso.fr\/#website","url":"https:\/\/pompes-funebres-grosso.fr\/","name":"Pompes Fun\u00e8bres Grosso","description":"\u00c0 votre disposition 24h\/24 &amp; 7j\/7","potentialAction":[{"@type":"SearchAction","target":{"@type":"EntryPoint","urlTemplate":"https:\/\/pompes-funebres-grosso.fr\/?s={search_term_string}"},"query-input":{"@type":"PropertyValueSpecification","valueRequired":true,"valueName":"search_term_string"}}],"inLanguage":"fr-FR"}]}},"_links":{"self":[{"href":"https:\/\/pompes-funebres-grosso.fr\/index.php\/wp-json\/wp\/v2\/pages\/496","targetHints":{"allow":["GET"]}}],"collection":[{"href":"https:\/\/pompes-funebres-grosso.fr\/index.php\/wp-json\/wp\/v2\/pages"}],"about":[{"href":"https:\/\/pompes-funebres-grosso.fr\/index.php\/wp-json\/wp\/v2\/types\/page"}],"author":[{"embeddable":true,"href":"https:\/\/pompes-funebres-grosso.fr\/index.php\/wp-json\/wp\/v2\/users\/1"}],"replies":[{"embeddable":true,"href":"https:\/\/pompes-funebres-grosso.fr\/index.php\/wp-json\/wp\/v2\/comments?post=496"}],"version-history":[{"count":11,"href":"https:\/\/pompes-funebres-grosso.fr\/index.php\/wp-json\/wp\/v2\/pages\/496\/revisions"}],"predecessor-version":[{"id":4111,"href":"https:\/\/pompes-funebres-grosso.fr\/index.php\/wp-json\/wp\/v2\/pages\/496\/revisions\/4111"}],"wp:attachment":[{"href":"https:\/\/pompes-funebres-grosso.fr\/index.php\/wp-json\/wp\/v2\/media?parent=496"}],"curies":[{"name":"wp","href":"https:\/\/api.w.org\/{rel}","templated":true}]}}