{"id":894,"date":"2021-06-24T14:51:18","date_gmt":"2021-06-24T14:51:18","guid":{"rendered":"https:\/\/pompes-funebres-grosso.fr\/?post_type=product&#038;p=894"},"modified":"2023-09-22T13:27:53","modified_gmt":"2023-09-22T13:27:53","slug":"plaque-funeraire-en-inox-avec-un-jeu-de-cartes","status":"publish","type":"product","link":"https:\/\/pompes-funebres-grosso.fr\/index.php\/produit\/plaque-funeraire-en-inox-avec-un-jeu-de-cartes\/","title":{"rendered":"Plaque fun\u00e9raire en inox avec un jeu de cartes"},"content":{"rendered":"","protected":false},"excerpt":{"rendered":"","protected":false},"featured_media":895,"template":"","meta":{"_et_pb_use_builder":"","_et_pb_old_content":"","_et_gb_content_width":""},"class_list":["post-894","product","type-product","status-publish","has-post-thumbnail","hentry","product_cat-plaques"],"yoast_head":"<!-- This site is optimized with the Yoast SEO plugin v26.0 - https:\/\/yoast.com\/wordpress\/plugins\/seo\/ -->\n<title>Pompes Fun\u00e8bres Grosso \u00e0 Morteau : vente d&#039;articles fun\u00e9raires<\/title>\n<meta name=\"description\" content=\"Pompes Fun\u00e8bres Grosso \u00e0 Morteau : vente d&#039;articles fun\u00e9raires. Retrouvez nos plaques, urnes, bouquets de fleurs, pierres tombales...\" \/>\n<meta name=\"robots\" content=\"index, follow, max-snippet:-1, max-image-preview:large, max-video-preview:-1\" \/>\n<link rel=\"canonical\" href=\"https:\/\/pompes-funebres-grosso.fr\/index.php\/produit\/plaque-funeraire-en-inox-avec-un-jeu-de-cartes\/\" \/>\n<meta property=\"og:locale\" content=\"fr_FR\" \/>\n<meta property=\"og:type\" content=\"article\" \/>\n<meta property=\"og:title\" content=\"Pompes Fun\u00e8bres Grosso \u00e0 Morteau : vente d&#039;articles fun\u00e9raires\" \/>\n<meta property=\"og:description\" content=\"Pompes Fun\u00e8bres Grosso \u00e0 Morteau : vente d&#039;articles fun\u00e9raires. Retrouvez nos plaques, urnes, bouquets de fleurs, pierres tombales...\" \/>\n<meta property=\"og:url\" content=\"https:\/\/pompes-funebres-grosso.fr\/index.php\/produit\/plaque-funeraire-en-inox-avec-un-jeu-de-cartes\/\" \/>\n<meta property=\"og:site_name\" content=\"Pompes Fun\u00e8bres Grosso\" \/>\n<meta property=\"article:modified_time\" content=\"2023-09-22T13:27:53+00:00\" \/>\n<meta property=\"og:image\" content=\"https:\/\/pompes-funebres-grosso.fr\/wp-content\/uploads\/2021\/06\/pompes-funebres-grosso-plaque-inox-joueur-de-cartes-ref.I047BL.jpg\" \/>\n\t<meta property=\"og:image:width\" content=\"2048\" \/>\n\t<meta property=\"og:image:height\" content=\"1365\" \/>\n\t<meta property=\"og:image:type\" content=\"image\/jpeg\" \/>\n<meta name=\"twitter:card\" content=\"summary_large_image\" \/>\n<script type=\"application\/ld+json\" class=\"yoast-schema-graph\">{\"@context\":\"https:\/\/schema.org\",\"@graph\":[{\"@type\":\"WebPage\",\"@id\":\"https:\/\/pompes-funebres-grosso.fr\/index.php\/produit\/plaque-funeraire-en-inox-avec-un-jeu-de-cartes\/\",\"url\":\"https:\/\/pompes-funebres-grosso.fr\/index.php\/produit\/plaque-funeraire-en-inox-avec-un-jeu-de-cartes\/\",\"name\":\"Pompes Fun\u00e8bres Grosso \u00e0 Morteau : vente d'articles fun\u00e9raires\",\"isPartOf\":{\"@id\":\"https:\/\/pompes-funebres-grosso.fr\/#website\"},\"primaryImageOfPage\":{\"@id\":\"https:\/\/pompes-funebres-grosso.fr\/index.php\/produit\/plaque-funeraire-en-inox-avec-un-jeu-de-cartes\/#primaryimage\"},\"image\":{\"@id\":\"https:\/\/pompes-funebres-grosso.fr\/index.php\/produit\/plaque-funeraire-en-inox-avec-un-jeu-de-cartes\/#primaryimage\"},\"thumbnailUrl\":\"https:\/\/pompes-funebres-grosso.fr\/wp-content\/uploads\/2021\/06\/pompes-funebres-grosso-plaque-inox-joueur-de-cartes-ref.I047BL.jpg\",\"datePublished\":\"2021-06-24T14:51:18+00:00\",\"dateModified\":\"2023-09-22T13:27:53+00:00\",\"description\":\"Pompes Fun\u00e8bres Grosso \u00e0 Morteau : vente d'articles fun\u00e9raires. Retrouvez nos plaques, urnes, bouquets de fleurs, pierres tombales...\",\"breadcrumb\":{\"@id\":\"https:\/\/pompes-funebres-grosso.fr\/index.php\/produit\/plaque-funeraire-en-inox-avec-un-jeu-de-cartes\/#breadcrumb\"},\"inLanguage\":\"fr-FR\",\"potentialAction\":[{\"@type\":\"ReadAction\",\"target\":[\"https:\/\/pompes-funebres-grosso.fr\/index.php\/produit\/plaque-funeraire-en-inox-avec-un-jeu-de-cartes\/\"]}]},{\"@type\":\"ImageObject\",\"inLanguage\":\"fr-FR\",\"@id\":\"https:\/\/pompes-funebres-grosso.fr\/index.php\/produit\/plaque-funeraire-en-inox-avec-un-jeu-de-cartes\/#primaryimage\",\"url\":\"https:\/\/pompes-funebres-grosso.fr\/wp-content\/uploads\/2021\/06\/pompes-funebres-grosso-plaque-inox-joueur-de-cartes-ref.I047BL.jpg\",\"contentUrl\":\"https:\/\/pompes-funebres-grosso.fr\/wp-content\/uploads\/2021\/06\/pompes-funebres-grosso-plaque-inox-joueur-de-cartes-ref.I047BL.jpg\",\"width\":2048,\"height\":1365,\"caption\":\"Pompes Fun\u00e8bres Grosso : plaque fun\u00e9raire en granit avec un jeu de cartes\"},{\"@type\":\"BreadcrumbList\",\"@id\":\"https:\/\/pompes-funebres-grosso.fr\/index.php\/produit\/plaque-funeraire-en-inox-avec-un-jeu-de-cartes\/#breadcrumb\",\"itemListElement\":[{\"@type\":\"ListItem\",\"position\":1,\"name\":\"Accueil\",\"item\":\"https:\/\/pompes-funebres-grosso.fr\/\"},{\"@type\":\"ListItem\",\"position\":2,\"name\":\"Boutique\",\"item\":\"https:\/\/pompes-funebres-grosso.fr\/index.php\/boutique\/\"},{\"@type\":\"ListItem\",\"position\":3,\"name\":\"Plaque fun\u00e9raire en inox avec un jeu de cartes\"}]},{\"@type\":\"WebSite\",\"@id\":\"https:\/\/pompes-funebres-grosso.fr\/#website\",\"url\":\"https:\/\/pompes-funebres-grosso.fr\/\",\"name\":\"Pompes Fun\u00e8bres Grosso\",\"description\":\"\u00c0 votre disposition 24h\/24 &amp; 7j\/7\",\"potentialAction\":[{\"@type\":\"SearchAction\",\"target\":{\"@type\":\"EntryPoint\",\"urlTemplate\":\"https:\/\/pompes-funebres-grosso.fr\/?s={search_term_string}\"},\"query-input\":{\"@type\":\"PropertyValueSpecification\",\"valueRequired\":true,\"valueName\":\"search_term_string\"}}],\"inLanguage\":\"fr-FR\"}]}<\/script>\n<!-- \/ Yoast SEO plugin. -->","yoast_head_json":{"title":"Pompes Fun\u00e8bres Grosso \u00e0 Morteau : vente d'articles fun\u00e9raires","description":"Pompes Fun\u00e8bres Grosso \u00e0 Morteau : vente d'articles fun\u00e9raires. Retrouvez nos plaques, urnes, bouquets de fleurs, pierres tombales...","robots":{"index":"index","follow":"follow","max-snippet":"max-snippet:-1","max-image-preview":"max-image-preview:large","max-video-preview":"max-video-preview:-1"},"canonical":"https:\/\/pompes-funebres-grosso.fr\/index.php\/produit\/plaque-funeraire-en-inox-avec-un-jeu-de-cartes\/","og_locale":"fr_FR","og_type":"article","og_title":"Pompes Fun\u00e8bres Grosso \u00e0 Morteau : vente d'articles fun\u00e9raires","og_description":"Pompes Fun\u00e8bres Grosso \u00e0 Morteau : vente d'articles fun\u00e9raires. Retrouvez nos plaques, urnes, bouquets de fleurs, pierres tombales...","og_url":"https:\/\/pompes-funebres-grosso.fr\/index.php\/produit\/plaque-funeraire-en-inox-avec-un-jeu-de-cartes\/","og_site_name":"Pompes Fun\u00e8bres Grosso","article_modified_time":"2023-09-22T13:27:53+00:00","og_image":[{"width":2048,"height":1365,"url":"https:\/\/pompes-funebres-grosso.fr\/wp-content\/uploads\/2021\/06\/pompes-funebres-grosso-plaque-inox-joueur-de-cartes-ref.I047BL.jpg","type":"image\/jpeg"}],"twitter_card":"summary_large_image","schema":{"@context":"https:\/\/schema.org","@graph":[{"@type":"WebPage","@id":"https:\/\/pompes-funebres-grosso.fr\/index.php\/produit\/plaque-funeraire-en-inox-avec-un-jeu-de-cartes\/","url":"https:\/\/pompes-funebres-grosso.fr\/index.php\/produit\/plaque-funeraire-en-inox-avec-un-jeu-de-cartes\/","name":"Pompes Fun\u00e8bres Grosso \u00e0 Morteau : vente d'articles fun\u00e9raires","isPartOf":{"@id":"https:\/\/pompes-funebres-grosso.fr\/#website"},"primaryImageOfPage":{"@id":"https:\/\/pompes-funebres-grosso.fr\/index.php\/produit\/plaque-funeraire-en-inox-avec-un-jeu-de-cartes\/#primaryimage"},"image":{"@id":"https:\/\/pompes-funebres-grosso.fr\/index.php\/produit\/plaque-funeraire-en-inox-avec-un-jeu-de-cartes\/#primaryimage"},"thumbnailUrl":"https:\/\/pompes-funebres-grosso.fr\/wp-content\/uploads\/2021\/06\/pompes-funebres-grosso-plaque-inox-joueur-de-cartes-ref.I047BL.jpg","datePublished":"2021-06-24T14:51:18+00:00","dateModified":"2023-09-22T13:27:53+00:00","description":"Pompes Fun\u00e8bres Grosso \u00e0 Morteau : vente d'articles fun\u00e9raires. Retrouvez nos plaques, urnes, bouquets de fleurs, pierres tombales...","breadcrumb":{"@id":"https:\/\/pompes-funebres-grosso.fr\/index.php\/produit\/plaque-funeraire-en-inox-avec-un-jeu-de-cartes\/#breadcrumb"},"inLanguage":"fr-FR","potentialAction":[{"@type":"ReadAction","target":["https:\/\/pompes-funebres-grosso.fr\/index.php\/produit\/plaque-funeraire-en-inox-avec-un-jeu-de-cartes\/"]}]},{"@type":"ImageObject","inLanguage":"fr-FR","@id":"https:\/\/pompes-funebres-grosso.fr\/index.php\/produit\/plaque-funeraire-en-inox-avec-un-jeu-de-cartes\/#primaryimage","url":"https:\/\/pompes-funebres-grosso.fr\/wp-content\/uploads\/2021\/06\/pompes-funebres-grosso-plaque-inox-joueur-de-cartes-ref.I047BL.jpg","contentUrl":"https:\/\/pompes-funebres-grosso.fr\/wp-content\/uploads\/2021\/06\/pompes-funebres-grosso-plaque-inox-joueur-de-cartes-ref.I047BL.jpg","width":2048,"height":1365,"caption":"Pompes Fun\u00e8bres Grosso : plaque fun\u00e9raire en granit avec un jeu de cartes"},{"@type":"BreadcrumbList","@id":"https:\/\/pompes-funebres-grosso.fr\/index.php\/produit\/plaque-funeraire-en-inox-avec-un-jeu-de-cartes\/#breadcrumb","itemListElement":[{"@type":"ListItem","position":1,"name":"Accueil","item":"https:\/\/pompes-funebres-grosso.fr\/"},{"@type":"ListItem","position":2,"name":"Boutique","item":"https:\/\/pompes-funebres-grosso.fr\/index.php\/boutique\/"},{"@type":"ListItem","position":3,"name":"Plaque fun\u00e9raire en inox avec un jeu de cartes"}]},{"@type":"WebSite","@id":"https:\/\/pompes-funebres-grosso.fr\/#website","url":"https:\/\/pompes-funebres-grosso.fr\/","name":"Pompes Fun\u00e8bres Grosso","description":"\u00c0 votre disposition 24h\/24 &amp; 7j\/7","potentialAction":[{"@type":"SearchAction","target":{"@type":"EntryPoint","urlTemplate":"https:\/\/pompes-funebres-grosso.fr\/?s={search_term_string}"},"query-input":{"@type":"PropertyValueSpecification","valueRequired":true,"valueName":"search_term_string"}}],"inLanguage":"fr-FR"}]}},"_links":{"self":[{"href":"https:\/\/pompes-funebres-grosso.fr\/index.php\/wp-json\/wp\/v2\/product\/894","targetHints":{"allow":["GET"]}}],"collection":[{"href":"https:\/\/pompes-funebres-grosso.fr\/index.php\/wp-json\/wp\/v2\/product"}],"about":[{"href":"https:\/\/pompes-funebres-grosso.fr\/index.php\/wp-json\/wp\/v2\/types\/product"}],"wp:featuredmedia":[{"embeddable":true,"href":"https:\/\/pompes-funebres-grosso.fr\/index.php\/wp-json\/wp\/v2\/media\/895"}],"wp:attachment":[{"href":"https:\/\/pompes-funebres-grosso.fr\/index.php\/wp-json\/wp\/v2\/media?parent=894"}],"curies":[{"name":"wp","href":"https:\/\/api.w.org\/{rel}","templated":true}]}}